{"id":17359,"date":"2025-04-03T09:29:56","date_gmt":"2025-04-03T09:29:56","guid":{"rendered":"https:\/\/activum.es\/?page_id=17359"},"modified":"2025-04-03T09:29:56","modified_gmt":"2025-04-03T09:29:56","slug":"portfolio-2","status":"publish","type":"page","link":"https:\/\/activum.es\/en\/portfolio-2\/","title":{"rendered":"portfolio_sales"},"content":{"rendered":"<div data-elementor-type=\"wp-page\" data-elementor-id=\"17359\" class=\"elementor elementor-17359\" data-elementor-post-type=\"page\">\n\t\t\t\t\t\t<section class=\"elementor-section elementor-top-section elementor-element elementor-element-1005b10 elementor-section-boxed elementor-section-height-default elementor-section-height-default\" data-id=\"1005b10\" data-element_type=\"section\" data-e-type=\"section\">\n\t\t\t\t\t\t<div class=\"elementor-container elementor-column-gap-default\">\n\t\t\t\t\t<div class=\"elementor-column elementor-col-100 elementor-top-column elementor-element elementor-element-dc8e8dd\" data-id=\"dc8e8dd\" data-element_type=\"column\" data-e-type=\"column\">\n\t\t\t<div class=\"elementor-widget-wrap elementor-element-populated\">\n\t\t\t\t\t\t<div class=\"elementor-element elementor-element-6379556 elementor-widget elementor-widget-spacer\" data-id=\"6379556\" data-element_type=\"widget\" data-e-type=\"widget\" data-widget_type=\"spacer.default\">\n\t\t\t\t<div class=\"elementor-widget-container\">\n\t\t\t\t\t\t\t<div class=\"elementor-spacer\">\n\t\t\t<div class=\"elementor-spacer-inner\"><\/div>\n\t\t<\/div>\n\t\t\t\t\t\t<\/div>\n\t\t\t\t<\/div>\n\t\t\t\t\t<\/div>\n\t\t<\/div>\n\t\t\t\t\t<\/div>\n\t\t<\/section>\n\t\t\t\t<section class=\"elementor-section elementor-top-section elementor-element elementor-element-0ba6ecb elementor-section-boxed elementor-section-height-default elementor-section-height-default\" data-id=\"0ba6ecb\" data-element_type=\"section\" data-e-type=\"section\">\n\t\t\t\t\t\t<div class=\"elementor-container elementor-column-gap-default\">\n\t\t\t\t\t<div class=\"elementor-column elementor-col-66 elementor-top-column elementor-element elementor-element-68394a4\" data-id=\"68394a4\" data-element_type=\"column\" data-e-type=\"column\">\n\t\t\t<div class=\"elementor-widget-wrap elementor-element-populated\">\n\t\t\t\t\t\t<div class=\"elementor-element elementor-element-1958176 elementor-widget elementor-widget-spacer\" data-id=\"1958176\" data-element_type=\"widget\" data-e-type=\"widget\" data-widget_type=\"spacer.default\">\n\t\t\t\t<div class=\"elementor-widget-container\">\n\t\t\t\t\t\t\t<div class=\"elementor-spacer\">\n\t\t\t<div class=\"elementor-spacer-inner\"><\/div>\n\t\t<\/div>\n\t\t\t\t\t\t<\/div>\n\t\t\t\t<\/div>\n\t\t\t\t<div class=\"elementor-element elementor-element-53bcbf6 elementor-widget elementor-widget-text-editor\" data-id=\"53bcbf6\" data-element_type=\"widget\" data-e-type=\"widget\" data-widget_type=\"text-editor.default\">\n\t\t\t\t<div class=\"elementor-widget-container\">\n\t\t\t\t\t\t\t\t\t<p style=\"text-align: justify;\">We are the commercialization company of reference for the main national servicers. We manage and sell portfolios of assets located mainly in Madrid, Andalusia, Murcia, Valencia, Aragon, Balearic Islands and Catalonia.<\/p>\n<p style=\"text-align: justify;\">Thanks to our territorial capillarity, which allows us to know exactly who the buyer is and what he is looking for, we remain at the forefront of portfolio sales of our large institutional clients.<\/p>\t\t\t\t\t\t\t\t<\/div>\n\t\t\t\t<\/div>\n\t\t\t\t\t<\/div>\n\t\t<\/div>\n\t\t\t\t<div class=\"elementor-column elementor-col-33 elementor-top-column elementor-element elementor-element-2a0f486\" data-id=\"2a0f486\" data-element_type=\"column\" data-e-type=\"column\">\n\t\t\t<div class=\"elementor-widget-wrap\">\n\t\t\t\t\t\t\t<\/div>\n\t\t<\/div>\n\t\t\t\t\t<\/div>\n\t\t<\/section>\n\t\t\t\t<section class=\"elementor-section elementor-top-section elementor-element elementor-element-5043679 elementor-section-boxed elementor-section-height-default elementor-section-height-default\" data-id=\"5043679\" data-element_type=\"section\" data-e-type=\"section\">\n\t\t\t\t\t\t<div class=\"elementor-container elementor-column-gap-default\">\n\t\t\t\t\t<div class=\"elementor-column elementor-col-100 elementor-top-column elementor-element elementor-element-7fa778d\" data-id=\"7fa778d\" data-element_type=\"column\" data-e-type=\"column\">\n\t\t\t<div class=\"elementor-widget-wrap elementor-element-populated\">\n\t\t\t\t\t\t<div class=\"elementor-element elementor-element-4f836ff elementor-widget elementor-widget-spacer\" data-id=\"4f836ff\" data-element_type=\"widget\" data-e-type=\"widget\" data-widget_type=\"spacer.default\">\n\t\t\t\t<div class=\"elementor-widget-container\">\n\t\t\t\t\t\t\t<div class=\"elementor-spacer\">\n\t\t\t<div class=\"elementor-spacer-inner\"><\/div>\n\t\t<\/div>\n\t\t\t\t\t\t<\/div>\n\t\t\t\t<\/div>\n\t\t\t\t\t<\/div>\n\t\t<\/div>\n\t\t\t\t\t<\/div>\n\t\t<\/section>\n\t\t\t\t<section class=\"elementor-section elementor-top-section elementor-element elementor-element-b86fa82 elementor-section-full_width elementor-section-height-default elementor-section-height-default\" data-id=\"b86fa82\" data-element_type=\"section\" data-e-type=\"section\" data-settings=\"{&quot;background_background&quot;:&quot;classic&quot;}\">\n\t\t\t\t\t\t<div class=\"elementor-container elementor-column-gap-default\">\n\t\t\t\t\t<div class=\"elementor-column elementor-col-100 elementor-top-column elementor-element elementor-element-fadc107\" data-id=\"fadc107\" data-element_type=\"column\" data-e-type=\"column\">\n\t\t\t<div class=\"elementor-widget-wrap\">\n\t\t\t\t\t\t\t<\/div>\n\t\t<\/div>\n\t\t\t\t\t<\/div>\n\t\t<\/section>\n\t\t\t\t<section class=\"elementor-section elementor-top-section elementor-element elementor-element-55dcff1 elementor-section-boxed elementor-section-height-default elementor-section-height-default\" data-id=\"55dcff1\" data-element_type=\"section\" data-e-type=\"section\">\n\t\t\t\t\t\t<div class=\"elementor-container elementor-column-gap-default\">\n\t\t\t\t\t<div class=\"elementor-column elementor-col-100 elementor-top-column elementor-element elementor-element-2a0af40\" data-id=\"2a0af40\" data-element_type=\"column\" data-e-type=\"column\">\n\t\t\t<div class=\"elementor-widget-wrap elementor-element-populated\">\n\t\t\t\t\t\t\t<\/div>\n\t\t<\/div>\n\t\t\t\t\t<\/div>\n\t\t<\/section>\n\t\t\t\t<\/div>","protected":false},"excerpt":{"rendered":"<p>PORTFOLIO COMMERCIALIZATION We are the commercialization company of reference for the main national servicers. We manage and sell portfolios of assets located mainly in Madrid, Andalusia, Murcia, Valencia, Aragon, Balearic Islands and Catalonia. Thanks to our territorial capillarity, which allows us to know exactly who the buyer is and what he is looking for, we [&hellip;]<\/p>\n","protected":false},"author":1,"featured_media":0,"parent":0,"menu_order":0,"comment_status":"closed","ping_status":"closed","template":"page-full-width.php","meta":{"_acf_changed":false,"footnotes":""},"class_list":["post-17359","page","type-page","status-publish","hentry"],"acf":[],"yoast_head":"<!-- This site is optimized with the Yoast SEO plugin v26.2 - https:\/\/yoast.com\/wordpress\/plugins\/seo\/ -->\n<title>portfolio_sales<\/title>\n<meta name=\"description\" content=\"Somos la comercializadora de referencia a nivel nacional para los principales servicers. Nuestros principales clientes de activos de segunda mano son Inmocaixa, Aliseda, Altamira, Haya, Anticipa, entre otros.Dicho producto se encuentra distribuido en las comunidades aut\u00f3nomas de Andaluc\u00eda, Murcia, Comunidad Valenciana, Arag\u00f3n, Islas Baleares y Catalu\u00f1a.\" \/>\n<meta name=\"robots\" content=\"index, follow, max-snippet:-1, max-image-preview:large, max-video-preview:-1\" \/>\n<link rel=\"canonical\" href=\"https:\/\/activum.es\/en\/portfolio-2\/\" \/>\n<meta property=\"og:locale\" content=\"en_GB\" \/>\n<meta property=\"og:type\" content=\"article\" \/>\n<meta property=\"og:title\" content=\"portfolio_sales\" \/>\n<meta property=\"og:description\" content=\"Somos la comercializadora de referencia a nivel nacional para los principales servicers. Nuestros principales clientes de activos de segunda mano son Inmocaixa, Aliseda, Altamira, Haya, Anticipa, entre otros.Dicho producto se encuentra distribuido en las comunidades aut\u00f3nomas de Andaluc\u00eda, Murcia, Comunidad Valenciana, Arag\u00f3n, Islas Baleares y Catalu\u00f1a.\" \/>\n<meta property=\"og:url\" content=\"https:\/\/activum.es\/en\/portfolio-2\/\" \/>\n<meta property=\"og:site_name\" content=\"Activum Real Estate Consulting\" \/>\n<meta property=\"article:publisher\" content=\"https:\/\/www.facebook.com\/activumtucasa\/\" \/>\n<meta property=\"og:image\" content=\"https:\/\/activum.es\/wp-content\/uploads\/2022\/09\/oper2.png\" \/>\n<meta name=\"twitter:card\" content=\"summary_large_image\" \/>\n<meta name=\"twitter:site\" content=\"@Activum_Inmo\" \/>\n<meta name=\"twitter:label1\" content=\"Estimated reading time\" \/>\n\t<meta name=\"twitter:data1\" content=\"11 minutes\" \/>\n<script type=\"application\/ld+json\" class=\"yoast-schema-graph\">{\"@context\":\"https:\/\/schema.org\",\"@graph\":[{\"@type\":\"WebPage\",\"@id\":\"https:\/\/activum.es\/portfolio-2\/\",\"url\":\"https:\/\/activum.es\/portfolio-2\/\",\"name\":\"portfolio_sales\",\"isPartOf\":{\"@id\":\"https:\/\/activum.es\/#website\"},\"primaryImageOfPage\":{\"@id\":\"https:\/\/activum.es\/portfolio-2\/#primaryimage\"},\"image\":{\"@id\":\"https:\/\/activum.es\/portfolio-2\/#primaryimage\"},\"thumbnailUrl\":\"https:\/\/activum.es\/wp-content\/uploads\/2022\/09\/oper2.png\",\"datePublished\":\"2025-04-03T09:29:56+00:00\",\"description\":\"Somos la comercializadora de referencia a nivel nacional para los principales servicers. Nuestros principales clientes de activos de segunda mano son Inmocaixa, Aliseda, Altamira, Haya, Anticipa, entre otros.Dicho producto se encuentra distribuido en las comunidades aut\u00f3nomas de Andaluc\u00eda, Murcia, Comunidad Valenciana, Arag\u00f3n, Islas Baleares y Catalu\u00f1a.\",\"breadcrumb\":{\"@id\":\"https:\/\/activum.es\/portfolio-2\/#breadcrumb\"},\"inLanguage\":\"en-GB\",\"potentialAction\":[{\"@type\":\"ReadAction\",\"target\":[\"https:\/\/activum.es\/portfolio-2\/\"]}]},{\"@type\":\"ImageObject\",\"inLanguage\":\"en-GB\",\"@id\":\"https:\/\/activum.es\/portfolio-2\/#primaryimage\",\"url\":\"https:\/\/activum.es\/wp-content\/uploads\/2022\/09\/oper2.png\",\"contentUrl\":\"https:\/\/activum.es\/wp-content\/uploads\/2022\/09\/oper2.png\"},{\"@type\":\"BreadcrumbList\",\"@id\":\"https:\/\/activum.es\/portfolio-2\/#breadcrumb\",\"itemListElement\":[{\"@type\":\"ListItem\",\"position\":1,\"name\":\"Portada\",\"item\":\"https:\/\/activum.es\/\"},{\"@type\":\"ListItem\",\"position\":2,\"name\":\"portfolio_sales\"}]},{\"@type\":\"WebSite\",\"@id\":\"https:\/\/activum.es\/#website\",\"url\":\"https:\/\/activum.es\/\",\"name\":\"Activum Real Estate Consulting\",\"description\":\"Servicios Inmobiliarios\",\"publisher\":{\"@id\":\"https:\/\/activum.es\/#organization\"},\"alternateName\":\"Activum Real Estate\",\"potentialAction\":[{\"@type\":\"SearchAction\",\"target\":{\"@type\":\"EntryPoint\",\"urlTemplate\":\"https:\/\/activum.es\/?s={search_term_string}\"},\"query-input\":{\"@type\":\"PropertyValueSpecification\",\"valueRequired\":true,\"valueName\":\"search_term_string\"}}],\"inLanguage\":\"en-GB\"},{\"@type\":\"Organization\",\"@id\":\"https:\/\/activum.es\/#organization\",\"name\":\"Activum Real Estate Consulting\",\"alternateName\":\"Activum Real Estate\",\"url\":\"https:\/\/activum.es\/\",\"logo\":{\"@type\":\"ImageObject\",\"inLanguage\":\"en-GB\",\"@id\":\"https:\/\/activum.es\/#\/schema\/logo\/image\/\",\"url\":\"https:\/\/activum.es\/wp-content\/uploads\/2025\/04\/activum-logo-positve.png\",\"contentUrl\":\"https:\/\/activum.es\/wp-content\/uploads\/2025\/04\/activum-logo-positve.png\",\"width\":1464,\"height\":1357,\"caption\":\"Activum Real Estate Consulting\"},\"image\":{\"@id\":\"https:\/\/activum.es\/#\/schema\/logo\/image\/\"},\"sameAs\":[\"https:\/\/www.facebook.com\/activumtucasa\/\",\"https:\/\/x.com\/Activum_Inmo\",\"https:\/\/www.instagram.com\/activum_?igsh=MTZld3pvdDJscDBwag==\",\"https:\/\/www.tiktok.com\/@activum_\"]}]}<\/script>\n<!-- \/ Yoast SEO plugin. -->","yoast_head_json":{"title":"portfolio_sales","description":"Somos la comercializadora de referencia a nivel nacional para los principales servicers. Nuestros principales clientes de activos de segunda mano son Inmocaixa, Aliseda, Altamira, Haya, Anticipa, entre otros.Dicho producto se encuentra distribuido en las comunidades aut\u00f3nomas de Andaluc\u00eda, Murcia, Comunidad Valenciana, Arag\u00f3n, Islas Baleares y Catalu\u00f1a.","robots":{"index":"index","follow":"follow","max-snippet":"max-snippet:-1","max-image-preview":"max-image-preview:large","max-video-preview":"max-video-preview:-1"},"canonical":"https:\/\/activum.es\/en\/portfolio-2\/","og_locale":"en_GB","og_type":"article","og_title":"portfolio_sales","og_description":"Somos la comercializadora de referencia a nivel nacional para los principales servicers. Nuestros principales clientes de activos de segunda mano son Inmocaixa, Aliseda, Altamira, Haya, Anticipa, entre otros.Dicho producto se encuentra distribuido en las comunidades aut\u00f3nomas de Andaluc\u00eda, Murcia, Comunidad Valenciana, Arag\u00f3n, Islas Baleares y Catalu\u00f1a.","og_url":"https:\/\/activum.es\/en\/portfolio-2\/","og_site_name":"Activum Real Estate Consulting","article_publisher":"https:\/\/www.facebook.com\/activumtucasa\/","og_image":[{"url":"https:\/\/activum.es\/wp-content\/uploads\/2022\/09\/oper2.png","type":"","width":"","height":""}],"twitter_card":"summary_large_image","twitter_site":"@Activum_Inmo","twitter_misc":{"Estimated reading time":"11 minutes"},"schema":{"@context":"https:\/\/schema.org","@graph":[{"@type":"WebPage","@id":"https:\/\/activum.es\/portfolio-2\/","url":"https:\/\/activum.es\/portfolio-2\/","name":"portfolio_sales","isPartOf":{"@id":"https:\/\/activum.es\/#website"},"primaryImageOfPage":{"@id":"https:\/\/activum.es\/portfolio-2\/#primaryimage"},"image":{"@id":"https:\/\/activum.es\/portfolio-2\/#primaryimage"},"thumbnailUrl":"https:\/\/activum.es\/wp-content\/uploads\/2022\/09\/oper2.png","datePublished":"2025-04-03T09:29:56+00:00","description":"Somos la comercializadora de referencia a nivel nacional para los principales servicers. Nuestros principales clientes de activos de segunda mano son Inmocaixa, Aliseda, Altamira, Haya, Anticipa, entre otros.Dicho producto se encuentra distribuido en las comunidades aut\u00f3nomas de Andaluc\u00eda, Murcia, Comunidad Valenciana, Arag\u00f3n, Islas Baleares y Catalu\u00f1a.","breadcrumb":{"@id":"https:\/\/activum.es\/portfolio-2\/#breadcrumb"},"inLanguage":"en-GB","potentialAction":[{"@type":"ReadAction","target":["https:\/\/activum.es\/portfolio-2\/"]}]},{"@type":"ImageObject","inLanguage":"en-GB","@id":"https:\/\/activum.es\/portfolio-2\/#primaryimage","url":"https:\/\/activum.es\/wp-content\/uploads\/2022\/09\/oper2.png","contentUrl":"https:\/\/activum.es\/wp-content\/uploads\/2022\/09\/oper2.png"},{"@type":"BreadcrumbList","@id":"https:\/\/activum.es\/portfolio-2\/#breadcrumb","itemListElement":[{"@type":"ListItem","position":1,"name":"Portada","item":"https:\/\/activum.es\/"},{"@type":"ListItem","position":2,"name":"portfolio_sales"}]},{"@type":"WebSite","@id":"https:\/\/activum.es\/#website","url":"https:\/\/activum.es\/","name":"Activum Real Estate Consulting","description":"Servicios Inmobiliarios","publisher":{"@id":"https:\/\/activum.es\/#organization"},"alternateName":"Activum Real Estate","potentialAction":[{"@type":"SearchAction","target":{"@type":"EntryPoint","urlTemplate":"https:\/\/activum.es\/?s={search_term_string}"},"query-input":{"@type":"PropertyValueSpecification","valueRequired":true,"valueName":"search_term_string"}}],"inLanguage":"en-GB"},{"@type":"Organization","@id":"https:\/\/activum.es\/#organization","name":"Activum Real Estate Consulting","alternateName":"Activum Real Estate","url":"https:\/\/activum.es\/","logo":{"@type":"ImageObject","inLanguage":"en-GB","@id":"https:\/\/activum.es\/#\/schema\/logo\/image\/","url":"https:\/\/activum.es\/wp-content\/uploads\/2025\/04\/activum-logo-positve.png","contentUrl":"https:\/\/activum.es\/wp-content\/uploads\/2025\/04\/activum-logo-positve.png","width":1464,"height":1357,"caption":"Activum Real Estate Consulting"},"image":{"@id":"https:\/\/activum.es\/#\/schema\/logo\/image\/"},"sameAs":["https:\/\/www.facebook.com\/activumtucasa\/","https:\/\/x.com\/Activum_Inmo","https:\/\/www.instagram.com\/activum_?igsh=MTZld3pvdDJscDBwag==","https:\/\/www.tiktok.com\/@activum_"]}]}},"_links":{"self":[{"href":"https:\/\/activum.es\/en\/wp-json\/wp\/v2\/pages\/17359","targetHints":{"allow":["GET"]}}],"collection":[{"href":"https:\/\/activum.es\/en\/wp-json\/wp\/v2\/pages"}],"about":[{"href":"https:\/\/activum.es\/en\/wp-json\/wp\/v2\/types\/page"}],"author":[{"embeddable":true,"href":"https:\/\/activum.es\/en\/wp-json\/wp\/v2\/users\/1"}],"replies":[{"embeddable":true,"href":"https:\/\/activum.es\/en\/wp-json\/wp\/v2\/comments?post=17359"}],"version-history":[{"count":0,"href":"https:\/\/activum.es\/en\/wp-json\/wp\/v2\/pages\/17359\/revisions"}],"wp:attachment":[{"href":"https:\/\/activum.es\/en\/wp-json\/wp\/v2\/media?parent=17359"}],"curies":[{"name":"wp","href":"https:\/\/api.w.org\/{rel}","templated":true}]}}