{"id":17913,"date":"2025-04-03T09:29:55","date_gmt":"2025-04-03T09:29:55","guid":{"rendered":"https:\/\/activum.es\/?page_id=17913"},"modified":"2025-04-03T09:29:55","modified_gmt":"2025-04-03T09:29:55","slug":"cancelar-suscripcion-2","status":"publish","type":"page","link":"https:\/\/activum.es\/en\/cancelar-suscripcion-2\/","title":{"rendered":"cancelar suscripci\u00f3n2"},"content":{"rendered":"\t\t<div data-elementor-type=\"wp-page\" data-elementor-id=\"17913\" class=\"elementor elementor-17913\" data-elementor-post-type=\"page\">\n\t\t\t\t\t\t<section class=\"elementor-section elementor-top-section elementor-element elementor-element-1197314 elementor-section-full_width qodef-hide-image-1024 elementor-section-stretched elementor-section-height-default elementor-section-height-default\" data-id=\"1197314\" data-element_type=\"section\" data-e-type=\"section\" data-settings=\"{&quot;background_background&quot;:&quot;classic&quot;,&quot;shape_divider_top&quot;:&quot;mountains&quot;,&quot;background_motion_fx_motion_fx_scrolling&quot;:&quot;yes&quot;,&quot;background_motion_fx_translateY_effect&quot;:&quot;yes&quot;,&quot;background_motion_fx_translateY_direction&quot;:&quot;negative&quot;,&quot;background_motion_fx_translateX_effect&quot;:&quot;yes&quot;,&quot;background_motion_fx_translateX_speed&quot;:{&quot;unit&quot;:&quot;px&quot;,&quot;size&quot;:3.2,&quot;sizes&quot;:[]},&quot;background_motion_fx_translateX_affectedRange&quot;:{&quot;unit&quot;:&quot;%&quot;,&quot;size&quot;:&quot;&quot;,&quot;sizes&quot;:{&quot;start&quot;:4,&quot;end&quot;:100}},&quot;background_motion_fx_translateX_direction&quot;:&quot;negative&quot;,&quot;stretch_section&quot;:&quot;section-stretched&quot;,&quot;background_motion_fx_translateY_speed&quot;:{&quot;unit&quot;:&quot;px&quot;,&quot;size&quot;:4,&quot;sizes&quot;:[]},&quot;background_motion_fx_translateY_affectedRange&quot;:{&quot;unit&quot;:&quot;%&quot;,&quot;size&quot;:&quot;&quot;,&quot;sizes&quot;:{&quot;start&quot;:0,&quot;end&quot;:100}},&quot;background_motion_fx_devices&quot;:[&quot;widescreen&quot;,&quot;desktop&quot;,&quot;laptop&quot;,&quot;tablet_extra&quot;,&quot;tablet&quot;,&quot;mobile_extra&quot;,&quot;mobile&quot;]}\">\n\t\t\t\t\t\t\t<div class=\"elementor-background-overlay\"><\/div>\n\t\t\t\t\t\t<div class=\"elementor-shape elementor-shape-top\" aria-hidden=\"true\" data-negative=\"false\">\n\t\t\t<svg xmlns=\"http:\/\/www.w3.org\/2000\/svg\" viewBox=\"0 0 1000 100\" preserveAspectRatio=\"none\">\n\t<path class=\"elementor-shape-fill\" opacity=\"0.33\" d=\"M473,67.3c-203.9,88.3-263.1-34-320.3,0C66,119.1,0,59.7,0,59.7V0h1000v59.7 c0,0-62.1,26.1-94.9,29.3c-32.8,3.3-62.8-12.3-75.8-22.1C806,49.6,745.3,8.7,694.9,4.7S492.4,59,473,67.3z\"\/>\n\t<path class=\"elementor-shape-fill\" opacity=\"0.66\" d=\"M734,67.3c-45.5,0-77.2-23.2-129.1-39.1c-28.6-8.7-150.3-10.1-254,39.1 s-91.7-34.4-149.2,0C115.7,118.3,0,39.8,0,39.8V0h1000v36.5c0,0-28.2-18.5-92.1-18.5C810.2,18.1,775.7,67.3,734,67.3z\"\/>\n\t<path class=\"elementor-shape-fill\" d=\"M766.1,28.9c-200-57.5-266,65.5-395.1,19.5C242,1.8,242,5.4,184.8,20.6C128,35.8,132.3,44.9,89.9,52.5C28.6,63.7,0,0,0,0 h1000c0,0-9.9,40.9-83.6,48.1S829.6,47,766.1,28.9z\"\/>\n<\/svg>\t\t<\/div>\n\t\t\t\t\t<div class=\"elementor-container elementor-column-gap-default\">\n\t\t\t\t\t<div class=\"elementor-column elementor-col-50 elementor-top-column elementor-element elementor-element-68d54e6\" data-id=\"68d54e6\" data-element_type=\"column\" data-e-type=\"column\" data-settings=\"{&quot;background_background&quot;:&quot;classic&quot;}\">\n\t\t\t<div class=\"elementor-widget-wrap\">\n\t\t\t\t\t\t\t<\/div>\n\t\t<\/div>\n\t\t\t\t<div class=\"elementor-column elementor-col-50 elementor-top-column elementor-element elementor-element-faafacd\" data-id=\"faafacd\" data-element_type=\"column\" data-e-type=\"column\" data-settings=\"{&quot;background_background&quot;:&quot;classic&quot;}\">\n\t\t\t<div class=\"elementor-widget-wrap elementor-element-populated\">\n\t\t\t\t\t\t<section class=\"elementor-section elementor-inner-section elementor-element elementor-element-d75ba81 elementor-section-boxed elementor-section-height-default elementor-section-height-default\" data-id=\"d75ba81\" data-element_type=\"section\" data-e-type=\"section\">\n\t\t\t\t\t\t<div class=\"elementor-container elementor-column-gap-default\">\n\t\t\t\t\t<div class=\"elementor-column elementor-col-50 elementor-inner-column elementor-element elementor-element-1e5da2d\" data-id=\"1e5da2d\" data-element_type=\"column\" data-e-type=\"column\">\n\t\t\t<div class=\"elementor-widget-wrap\">\n\t\t\t\t\t\t\t<\/div>\n\t\t<\/div>\n\t\t\t\t<div class=\"elementor-column elementor-col-50 elementor-inner-column elementor-element elementor-element-4f6cec1\" data-id=\"4f6cec1\" data-element_type=\"column\" data-e-type=\"column\">\n\t\t\t<div class=\"elementor-widget-wrap elementor-element-populated\">\n\t\t\t\t\t\t<div class=\"elementor-element elementor-element-cab71ee elementor-widget__width-initial elementor-widget elementor-widget-image\" data-id=\"cab71ee\" data-element_type=\"widget\" data-e-type=\"widget\" data-widget_type=\"image.default\">\n\t\t\t\t<div class=\"elementor-widget-container\">\n\t\t\t\t\t\t\t\t\t\t\t\t\t\t\t<img decoding=\"async\" width=\"295\" height=\"57\" src=\"https:\/\/activum.es\/wp-content\/uploads\/2022\/07\/modo2.jpg\" class=\"attachment-large size-large wp-image-17932\" alt=\"\" \/>\t\t\t\t\t\t\t\t\t\t\t\t\t\t\t<\/div>\n\t\t\t\t<\/div>\n\t\t\t\t\t<\/div>\n\t\t<\/div>\n\t\t\t\t\t<\/div>\n\t\t<\/section>\n\t\t\t\t<div class=\"elementor-element elementor-element-2db1b13 elementor-widget elementor-widget-spacer\" data-id=\"2db1b13\" data-element_type=\"widget\" data-e-type=\"widget\" data-widget_type=\"spacer.default\">\n\t\t\t\t<div class=\"elementor-widget-container\">\n\t\t\t\t\t\t\t<div class=\"elementor-spacer\">\n\t\t\t<div class=\"elementor-spacer-inner\"><\/div>\n\t\t<\/div>\n\t\t\t\t\t\t<\/div>\n\t\t\t\t<\/div>\n\t\t\t\t<div class=\"elementor-element elementor-element-449a8b1 elementor-widget elementor-widget-text-editor\" data-id=\"449a8b1\" data-element_type=\"widget\" data-e-type=\"widget\" data-widget_type=\"text-editor.default\">\n\t\t\t\t<div class=\"elementor-widget-container\">\n\t\t\t\t\t\t\t\t\t<p style=\"text-align: justify;\">Vas a dejar de recibir comunicaciones de ACTIVUM en tu email.<\/p>\t\t\t\t\t\t\t\t<\/div>\n\t\t\t\t<\/div>\n\t\t\t\t<div class=\"elementor-element elementor-element-b2cab70 elementor-button-align-stretch elementor-widget elementor-widget-form\" data-id=\"b2cab70\" data-element_type=\"widget\" data-e-type=\"widget\" data-settings=\"{&quot;step_next_label&quot;:&quot;Next&quot;,&quot;step_previous_label&quot;:&quot;Previous&quot;,&quot;button_width&quot;:&quot;100&quot;,&quot;step_type&quot;:&quot;number_text&quot;,&quot;step_icon_shape&quot;:&quot;circle&quot;}\" data-widget_type=\"form.default\">\n\t\t\t\t<div class=\"elementor-widget-container\">\n\t\t\t\t\t\t\t<form class=\"elementor-form\" method=\"post\" name=\"unsuscribe\" aria-label=\"unsuscribe\">\n\t\t\t<input type=\"hidden\" name=\"post_id\" value=\"17913\"\/>\n\t\t\t<input type=\"hidden\" name=\"form_id\" value=\"b2cab70\"\/>\n\t\t\t<input type=\"hidden\" name=\"referer_title\" value=\"cancelar suscripci\u00f3n2\" \/>\n\n\t\t\t\t\t\t\t<input type=\"hidden\" name=\"queried_id\" value=\"17913\"\/>\n\t\t\t\n\t\t\t<div class=\"elementor-form-fields-wrapper elementor-labels-above\">\n\t\t\t\t\t\t\t\t<div class=\"elementor-field-type-email elementor-field-group elementor-column elementor-field-group-email elementor-col-100 elementor-field-required\">\n\t\t\t\t\t\t\t\t\t\t\t\t<label for=\"form-field-email\" class=\"elementor-field-label\">\n\t\t\t\t\t\t\t\tMail:\t\t\t\t\t\t\t<\/label>\n\t\t\t\t\t\t\t\t\t\t\t\t\t\t<input size=\"1\" type=\"email\" name=\"form_fields[email]\" id=\"form-field-email\" class=\"elementor-field elementor-size-xs  elementor-field-textual\" placeholder=\"Introduce tu mail\" required=\"required\">\n\t\t\t\t\t\t\t\t\t\t\t<\/div>\n\t\t\t\t\t\t\t\t<div class=\"elementor-field-type-checkbox elementor-field-group elementor-column elementor-field-group-message elementor-col-100\">\n\t\t\t\t\t\t\t\t\t\t\t\t<label for=\"form-field-message\" class=\"elementor-field-label\">\n\t\t\t\t\t\t\t\tNos gustar\u00eda saber por qu\u00e9 no deseas recibir m\u00e1s comunicaciones nuestras:\t\t\t\t\t\t\t<\/label>\n\t\t\t\t\t\t<div class=\"elementor-field-subgroup  \"><span class=\"elementor-field-option\"><input type=\"checkbox\" value=\"He recibido demasiados mensajes\" id=\"form-field-message-0\" name=\"form_fields[message][]\"> <label for=\"form-field-message-0\">He recibido demasiados mensajes<\/label><\/span><span class=\"elementor-field-option\"><input type=\"checkbox\" value=\"El contenido de los mensajes no me interesa\" id=\"form-field-message-1\" name=\"form_fields[message][]\"> <label for=\"form-field-message-1\">El contenido de los mensajes no me interesa<\/label><\/span><span class=\"elementor-field-option\"><input type=\"checkbox\" value=\"Otros\" id=\"form-field-message-2\" name=\"form_fields[message][]\"> <label for=\"form-field-message-2\">Otros<\/label><\/span><\/div>\t\t\t\t<\/div>\n\t\t\t\t\t\t\t\t<div class=\"elementor-field-type-text\">\n\t\t\t\t\t<input size=\"1\" type=\"text\" name=\"form_fields[field_1944f61]\" id=\"form-field-field_1944f61\" class=\"elementor-field elementor-size-xs \" style=\"display:none !important;\">\t\t\t\t<\/div>\n\t\t\t\t\t\t\t\t<div class=\"elementor-field-group elementor-column elementor-field-type-submit elementor-col-100 e-form__buttons\">\n\t\t\t\t\t<button class=\"elementor-button elementor-size-sm\" type=\"submit\">\n\t\t\t\t\t\t<span class=\"elementor-button-content-wrapper\">\n\t\t\t\t\t\t\t\t\t\t\t\t\t\t\t\t\t\t\t\t\t\t<span class=\"elementor-button-text\">darme de baja<\/span>\n\t\t\t\t\t\t\t\t\t\t\t\t\t<\/span>\n\t\t\t\t\t<\/button>\n\t\t\t\t<\/div>\n\t\t\t<\/div>\n\t\t<\/form>\n\t\t\t\t\t\t<\/div>\n\t\t\t\t<\/div>\n\t\t\t\t<div class=\"elementor-element elementor-element-eb5af1c elementor-widget elementor-widget-spacer\" data-id=\"eb5af1c\" data-element_type=\"widget\" data-e-type=\"widget\" data-widget_type=\"spacer.default\">\n\t\t\t\t<div class=\"elementor-widget-container\">\n\t\t\t\t\t\t\t<div class=\"elementor-spacer\">\n\t\t\t<div class=\"elementor-spacer-inner\"><\/div>\n\t\t<\/div>\n\t\t\t\t\t\t<\/div>\n\t\t\t\t<\/div>\n\t\t\t\t\t<\/div>\n\t\t<\/div>\n\t\t\t\t\t<\/div>\n\t\t<\/section>\n\t\t\t\t<section class=\"elementor-section elementor-top-section elementor-element elementor-element-d24290a elementor-section-boxed elementor-section-height-default elementor-section-height-default\" data-id=\"d24290a\" data-element_type=\"section\" data-e-type=\"section\">\n\t\t\t\t\t\t<div class=\"elementor-container elementor-column-gap-default\">\n\t\t\t\t\t<div class=\"elementor-column elementor-col-100 elementor-top-column elementor-element elementor-element-ead4109\" data-id=\"ead4109\" data-element_type=\"column\" data-e-type=\"column\">\n\t\t\t<div class=\"elementor-widget-wrap\">\n\t\t\t\t\t\t\t<\/div>\n\t\t<\/div>\n\t\t\t\t\t<\/div>\n\t\t<\/section>\n\t\t\t\t<section class=\"elementor-section elementor-top-section elementor-element elementor-element-a0c3b08 elementor-section-boxed elementor-section-height-default elementor-section-height-default\" data-id=\"a0c3b08\" data-element_type=\"section\" data-e-type=\"section\">\n\t\t\t\t\t\t<div class=\"elementor-container elementor-column-gap-default\">\n\t\t\t\t\t<div class=\"elementor-column elementor-col-100 elementor-top-column elementor-element elementor-element-c6e1a3e\" data-id=\"c6e1a3e\" data-element_type=\"column\" data-e-type=\"column\">\n\t\t\t<div class=\"elementor-widget-wrap\">\n\t\t\t\t\t\t\t<\/div>\n\t\t<\/div>\n\t\t\t\t\t<\/div>\n\t\t<\/section>\n\t\t\t\t<\/div>\n\t\t","protected":false},"excerpt":{"rendered":"<p>cancelar suscripci\u00f3n no recibir m\u00e1s e-mails Vas a dejar de recibir comunicaciones de ACTIVUM en tu email.<\/p>","protected":false},"author":1,"featured_media":0,"parent":0,"menu_order":0,"comment_status":"closed","ping_status":"closed","template":"page-blank-template.php","meta":{"_acf_changed":false,"footnotes":""},"class_list":["post-17913","page","type-page","status-publish","hentry"],"acf":[],"yoast_head":"<!-- This site is optimized with the Yoast SEO plugin v27.0 - https:\/\/yoast.com\/product\/yoast-seo-wordpress\/ -->\n<title>cancelar suscripci\u00f3n2<\/title>\n<meta name=\"robots\" content=\"index, follow, max-snippet:-1, max-image-preview:large, max-video-preview:-1\" \/>\n<link rel=\"canonical\" href=\"https:\/\/activum.es\/en\/cancelar-suscripcion-2\/\" \/>\n<meta property=\"og:locale\" content=\"en_GB\" \/>\n<meta property=\"og:type\" content=\"article\" \/>\n<meta property=\"og:title\" content=\"cancelar suscripci\u00f3n2\" \/>\n<meta property=\"og:description\" content=\"cancelar suscripci\u00f3n no recibir m\u00e1s e-mails Vas a dejar de recibir comunicaciones de ACTIVUM en tu email.\" \/>\n<meta property=\"og:url\" content=\"https:\/\/activum.es\/en\/cancelar-suscripcion-2\/\" \/>\n<meta property=\"og:site_name\" content=\"Activum Real Estate Consulting\" \/>\n<meta property=\"article:publisher\" content=\"https:\/\/www.facebook.com\/activumtucasa\/\" \/>\n<meta property=\"og:image\" content=\"https:\/\/activum.es\/wp-content\/uploads\/2022\/07\/modo2.jpg\" \/>\n<meta name=\"twitter:card\" content=\"summary_large_image\" \/>\n<meta name=\"twitter:site\" content=\"@Activum_Inmo\" \/>\n<meta name=\"twitter:label1\" content=\"Estimated reading time\" \/>\n\t<meta name=\"twitter:data1\" content=\"1 minute\" \/>\n<script type=\"application\/ld+json\" class=\"yoast-schema-graph\">{\"@context\":\"https:\/\/schema.org\",\"@graph\":[{\"@type\":\"WebPage\",\"@id\":\"https:\/\/activum.es\/cancelar-suscripcion-2\/\",\"url\":\"https:\/\/activum.es\/cancelar-suscripcion-2\/\",\"name\":\"cancelar suscripci\u00f3n2\",\"isPartOf\":{\"@id\":\"\/#website\"},\"primaryImageOfPage\":{\"@id\":\"https:\/\/activum.es\/cancelar-suscripcion-2\/#primaryimage\"},\"image\":{\"@id\":\"https:\/\/activum.es\/cancelar-suscripcion-2\/#primaryimage\"},\"thumbnailUrl\":\"https:\/\/activum.es\/wp-content\/uploads\/2022\/07\/modo2.jpg\",\"datePublished\":\"2025-04-03T09:29:55+00:00\",\"breadcrumb\":{\"@id\":\"https:\/\/activum.es\/cancelar-suscripcion-2\/#breadcrumb\"},\"inLanguage\":\"en-GB\",\"potentialAction\":[{\"@type\":\"ReadAction\",\"target\":[\"https:\/\/activum.es\/cancelar-suscripcion-2\/\"]}]},{\"@type\":\"ImageObject\",\"inLanguage\":\"en-GB\",\"@id\":\"https:\/\/activum.es\/cancelar-suscripcion-2\/#primaryimage\",\"url\":\"https:\/\/activum.es\/wp-content\/uploads\/2022\/07\/modo2.jpg\",\"contentUrl\":\"https:\/\/activum.es\/wp-content\/uploads\/2022\/07\/modo2.jpg\"},{\"@type\":\"BreadcrumbList\",\"@id\":\"https:\/\/activum.es\/cancelar-suscripcion-2\/#breadcrumb\",\"itemListElement\":[{\"@type\":\"ListItem\",\"position\":1,\"name\":\"Portada\",\"item\":\"https:\/\/activum.es\/\"},{\"@type\":\"ListItem\",\"position\":2,\"name\":\"cancelar suscripci\u00f3n2\"}]},{\"@type\":\"WebSite\",\"@id\":\"\/#website\",\"url\":\"\/\",\"name\":\"Activum Real Estate Consulting\",\"description\":\"Un gran equipo al servicio del sector Inmobiliario\",\"publisher\":{\"@id\":\"\/#organization\"},\"alternateName\":\"Activum Real Estate\",\"potentialAction\":[{\"@type\":\"SearchAction\",\"target\":{\"@type\":\"EntryPoint\",\"urlTemplate\":\"\/?s={search_term_string}\"},\"query-input\":{\"@type\":\"PropertyValueSpecification\",\"valueRequired\":true,\"valueName\":\"search_term_string\"}}],\"inLanguage\":\"en-GB\"},{\"@type\":\"Organization\",\"@id\":\"\/#organization\",\"name\":\"Activum Real Estate Consulting\",\"alternateName\":\"Activum Real Estate\",\"url\":\"\/\",\"logo\":{\"@type\":\"ImageObject\",\"inLanguage\":\"en-GB\",\"@id\":\"\/#\/schema\/logo\/image\/\",\"url\":\"https:\/\/activum.es\/wp-content\/uploads\/2025\/04\/activum-logo-positve.png\",\"contentUrl\":\"https:\/\/activum.es\/wp-content\/uploads\/2025\/04\/activum-logo-positve.png\",\"width\":1464,\"height\":1357,\"caption\":\"Activum Real Estate Consulting\"},\"image\":{\"@id\":\"\/#\/schema\/logo\/image\/\"},\"sameAs\":[\"https:\/\/www.facebook.com\/activumtucasa\/\",\"https:\/\/x.com\/Activum_Inmo\",\"https:\/\/www.instagram.com\/activum_?igsh=MTZld3pvdDJscDBwag==\",\"https:\/\/www.tiktok.com\/@activum_\"]}]}<\/script>\n<!-- \/ Yoast SEO plugin. -->","yoast_head_json":{"title":"cancelar suscripci\u00f3n2","robots":{"index":"index","follow":"follow","max-snippet":"max-snippet:-1","max-image-preview":"max-image-preview:large","max-video-preview":"max-video-preview:-1"},"canonical":"https:\/\/activum.es\/en\/cancelar-suscripcion-2\/","og_locale":"en_GB","og_type":"article","og_title":"cancelar suscripci\u00f3n2","og_description":"cancelar suscripci\u00f3n no recibir m\u00e1s e-mails Vas a dejar de recibir comunicaciones de ACTIVUM en tu email.","og_url":"https:\/\/activum.es\/en\/cancelar-suscripcion-2\/","og_site_name":"Activum Real Estate Consulting","article_publisher":"https:\/\/www.facebook.com\/activumtucasa\/","og_image":[{"url":"https:\/\/activum.es\/wp-content\/uploads\/2022\/07\/modo2.jpg","type":"","width":"","height":""}],"twitter_card":"summary_large_image","twitter_site":"@Activum_Inmo","twitter_misc":{"Estimated reading time":"1 minute"},"schema":{"@context":"https:\/\/schema.org","@graph":[{"@type":"WebPage","@id":"https:\/\/activum.es\/cancelar-suscripcion-2\/","url":"https:\/\/activum.es\/cancelar-suscripcion-2\/","name":"cancelar suscripci\u00f3n2","isPartOf":{"@id":"\/#website"},"primaryImageOfPage":{"@id":"https:\/\/activum.es\/cancelar-suscripcion-2\/#primaryimage"},"image":{"@id":"https:\/\/activum.es\/cancelar-suscripcion-2\/#primaryimage"},"thumbnailUrl":"https:\/\/activum.es\/wp-content\/uploads\/2022\/07\/modo2.jpg","datePublished":"2025-04-03T09:29:55+00:00","breadcrumb":{"@id":"https:\/\/activum.es\/cancelar-suscripcion-2\/#breadcrumb"},"inLanguage":"en-GB","potentialAction":[{"@type":"ReadAction","target":["https:\/\/activum.es\/cancelar-suscripcion-2\/"]}]},{"@type":"ImageObject","inLanguage":"en-GB","@id":"https:\/\/activum.es\/cancelar-suscripcion-2\/#primaryimage","url":"https:\/\/activum.es\/wp-content\/uploads\/2022\/07\/modo2.jpg","contentUrl":"https:\/\/activum.es\/wp-content\/uploads\/2022\/07\/modo2.jpg"},{"@type":"BreadcrumbList","@id":"https:\/\/activum.es\/cancelar-suscripcion-2\/#breadcrumb","itemListElement":[{"@type":"ListItem","position":1,"name":"Portada","item":"https:\/\/activum.es\/"},{"@type":"ListItem","position":2,"name":"cancelar suscripci\u00f3n2"}]},{"@type":"WebSite","@id":"\/#website","url":"\/","name":"Activum Real Estate Consulting","description":"Un gran equipo al servicio del sector Inmobiliario","publisher":{"@id":"\/#organization"},"alternateName":"Activum Real Estate","potentialAction":[{"@type":"SearchAction","target":{"@type":"EntryPoint","urlTemplate":"\/?s={search_term_string}"},"query-input":{"@type":"PropertyValueSpecification","valueRequired":true,"valueName":"search_term_string"}}],"inLanguage":"en-GB"},{"@type":"Organization","@id":"\/#organization","name":"Activum Real Estate Consulting","alternateName":"Activum Real Estate","url":"\/","logo":{"@type":"ImageObject","inLanguage":"en-GB","@id":"\/#\/schema\/logo\/image\/","url":"https:\/\/activum.es\/wp-content\/uploads\/2025\/04\/activum-logo-positve.png","contentUrl":"https:\/\/activum.es\/wp-content\/uploads\/2025\/04\/activum-logo-positve.png","width":1464,"height":1357,"caption":"Activum Real Estate Consulting"},"image":{"@id":"\/#\/schema\/logo\/image\/"},"sameAs":["https:\/\/www.facebook.com\/activumtucasa\/","https:\/\/x.com\/Activum_Inmo","https:\/\/www.instagram.com\/activum_?igsh=MTZld3pvdDJscDBwag==","https:\/\/www.tiktok.com\/@activum_"]}]}},"_links":{"self":[{"href":"https:\/\/activum.es\/en\/wp-json\/wp\/v2\/pages\/17913","targetHints":{"allow":["GET"]}}],"collection":[{"href":"https:\/\/activum.es\/en\/wp-json\/wp\/v2\/pages"}],"about":[{"href":"https:\/\/activum.es\/en\/wp-json\/wp\/v2\/types\/page"}],"author":[{"embeddable":true,"href":"https:\/\/activum.es\/en\/wp-json\/wp\/v2\/users\/1"}],"replies":[{"embeddable":true,"href":"https:\/\/activum.es\/en\/wp-json\/wp\/v2\/comments?post=17913"}],"version-history":[{"count":19,"href":"https:\/\/activum.es\/en\/wp-json\/wp\/v2\/pages\/17913\/revisions"}],"predecessor-version":[{"id":17980,"href":"https:\/\/activum.es\/en\/wp-json\/wp\/v2\/pages\/17913\/revisions\/17980"}],"wp:attachment":[{"href":"https:\/\/activum.es\/en\/wp-json\/wp\/v2\/media?parent=17913"}],"curies":[{"name":"wp","href":"https:\/\/api.w.org\/{rel}","templated":true}]}}