{"id":24935,"date":"2023-04-03T09:29:52","date_gmt":"2023-04-03T09:29:52","guid":{"rendered":"https:\/\/activum.es\/ndp_02_ago_2023-2\/"},"modified":"2026-03-04T10:23:18","modified_gmt":"2026-03-04T10:23:18","slug":"ndp_02_ago_2023-2","status":"publish","type":"page","link":"https:\/\/activum.es\/en\/ndp_02_ago_2023-2\/","title":{"rendered":"ndp-02-ago_2023"},"content":{"rendered":"<div data-elementor-type=\"wp-page\" data-elementor-id=\"24935\" class=\"elementor elementor-24935\" data-elementor-post-type=\"page\">\n\t\t\t\t\t\t<section class=\"elementor-section elementor-top-section elementor-element elementor-element-11b561a elementor-section-full_width elementor-section-height-default elementor-section-height-default\" data-id=\"11b561a\" data-element_type=\"section\" data-e-type=\"section\" data-settings=\"{&quot;background_background&quot;:&quot;classic&quot;}\">\n\t\t\t\t\t\t<div class=\"elementor-container elementor-column-gap-default\">\n\t\t\t\t\t<div class=\"elementor-column elementor-col-100 elementor-top-column elementor-element elementor-element-b410bb3\" data-id=\"b410bb3\" data-element_type=\"column\" data-e-type=\"column\">\n\t\t\t<div class=\"elementor-widget-wrap elementor-element-populated\">\n\t\t\t\t\t\t<div class=\"elementor-element elementor-element-090dc9b elementor-widget elementor-widget-spacer\" data-id=\"090dc9b\" data-element_type=\"widget\" data-e-type=\"widget\" data-widget_type=\"spacer.default\">\n\t\t\t\t<div class=\"elementor-widget-container\">\n\t\t\t\t\t\t\t<div class=\"elementor-spacer\">\n\t\t\t<div class=\"elementor-spacer-inner\"><\/div>\n\t\t<\/div>\n\t\t\t\t\t\t<\/div>\n\t\t\t\t<\/div>\n\t\t\t\t\t<\/div>\n\t\t<\/div>\n\t\t\t\t\t<\/div>\n\t\t<\/section>\n\t\t\t\t<section class=\"elementor-section elementor-top-section elementor-element elementor-element-c23dd42 elementor-section-boxed elementor-section-height-default elementor-section-height-default\" data-id=\"c23dd42\" data-element_type=\"section\" data-e-type=\"section\">\n\t\t\t\t\t\t<div class=\"elementor-container elementor-column-gap-wider\">\n\t\t\t\t\t<div class=\"elementor-column elementor-col-33 elementor-top-column elementor-element elementor-element-f397282\" data-id=\"f397282\" data-element_type=\"column\" data-e-type=\"column\">\n\t\t\t<div class=\"elementor-widget-wrap\">\n\t\t\t\t\t\t\t<\/div>\n\t\t<\/div>\n\t\t\t\t<div class=\"elementor-column elementor-col-33 elementor-top-column elementor-element elementor-element-460cc10\" data-id=\"460cc10\" data-element_type=\"column\" data-e-type=\"column\">\n\t\t\t<div class=\"elementor-widget-wrap\">\n\t\t\t\t\t\t\t<\/div>\n\t\t<\/div>\n\t\t\t\t<div class=\"elementor-column elementor-col-33 elementor-top-column elementor-element elementor-element-559934c\" data-id=\"559934c\" data-element_type=\"column\" data-e-type=\"column\">\n\t\t\t<div class=\"elementor-widget-wrap\">\n\t\t\t\t\t\t\t<\/div>\n\t\t<\/div>\n\t\t\t\t\t<\/div>\n\t\t<\/section>\n\t\t\t\t<section class=\"elementor-section elementor-top-section elementor-element elementor-element-d040b2c elementor-section-boxed elementor-section-height-default elementor-section-height-default\" data-id=\"d040b2c\" data-element_type=\"section\" data-e-type=\"section\">\n\t\t\t\t\t\t<div class=\"elementor-container elementor-column-gap-default\">\n\t\t\t\t\t<div class=\"elementor-column elementor-col-100 elementor-top-column elementor-element elementor-element-0b3135e\" data-id=\"0b3135e\" data-element_type=\"column\" data-e-type=\"column\">\n\t\t\t<div class=\"elementor-widget-wrap elementor-element-populated\">\n\t\t\t\t\t\t<div class=\"elementor-element elementor-element-eca5fa2 elementor-widget elementor-widget-spacer\" data-id=\"eca5fa2\" data-element_type=\"widget\" data-e-type=\"widget\" data-widget_type=\"spacer.default\">\n\t\t\t\t<div class=\"elementor-widget-container\">\n\t\t\t\t\t\t\t<div class=\"elementor-spacer\">\n\t\t\t<div class=\"elementor-spacer-inner\"><\/div>\n\t\t<\/div>\n\t\t\t\t\t\t<\/div>\n\t\t\t\t<\/div>\n\t\t\t\t\t<\/div>\n\t\t<\/div>\n\t\t\t\t\t<\/div>\n\t\t<\/section>\n\t\t\t\t<section class=\"elementor-section elementor-top-section elementor-element elementor-element-46bd471 elementor-section-boxed elementor-section-height-default elementor-section-height-default\" data-id=\"46bd471\" data-element_type=\"section\" data-e-type=\"section\">\n\t\t\t\t\t\t<div class=\"elementor-container elementor-column-gap-wider\">\n\t\t\t\t\t<div class=\"elementor-column elementor-col-66 elementor-top-column elementor-element elementor-element-35f5e83\" data-id=\"35f5e83\" data-element_type=\"column\" data-e-type=\"column\">\n\t\t\t<div class=\"elementor-widget-wrap elementor-element-populated\">\n\t\t\t\t\t\t<div class=\"elementor-element elementor-element-d683404 elementor-widget elementor-widget-heading\" data-id=\"d683404\" data-element_type=\"widget\" data-e-type=\"widget\" data-widget_type=\"heading.default\">\n\t\t\t\t<div class=\"elementor-widget-container\">\n\t\t\t\t\t<h5 class=\"elementor-heading-title elementor-size-large\">MALAGA PROPERTY MARKET SHOWS DYNAMISM WITH MORE THAN 15,000 HOMES SOLD UP TO MAY<\/h5>\t\t\t\t<\/div>\n\t\t\t\t<\/div>\n\t\t\t\t<div class=\"elementor-element elementor-element-f17bbcd elementor-widget elementor-widget-text-editor\" data-id=\"f17bbcd\" data-element_type=\"widget\" data-e-type=\"widget\" data-widget_type=\"text-editor.default\">\n\t\t\t\t<div class=\"elementor-widget-container\">\n\t\t\t\t\t\t\t\t\t<div><div><p><span style=\"color: #b47c4c;\"><em><strong>2 Aug 2023<\/strong><strong><br \/><\/strong><\/em><\/span><\/p><hr \/><ul><li><strong>Sales of new-build homes in Malaga continue to rise<\/strong><\/li><li><strong>The municipalities of Marbella, Benalm\u00e1dena Costa and Estepona account for 72% of the supply of new builds<\/strong><\/li><\/ul><\/div><p>With a total of 15,337 homes sold up to May 2023, Malaga has shown great dynamism in the real estate market and was the fifth province with the highest number of sales, behind only Madrid, Barcelona, Alicante and Valencia. Of these sales, 3,108 were new-build properties, while 12,229 were second-hand properties. This has been analysed by the real estate consultancy firm <a href=\"https:\/\/activum.es\/en\/\">Activum Real Estate Consulting<\/a> in its latest study on the real estate scene in the province.<\/p><p>The report highlights that sales of new-build homes in M\u00e1laga have shown steady growth from 2018 to 2021, peaking in 2022 with 4,134 units sold. Although there was a decrease of 24% compared to the same period last year, sales in 2023 (3,108 homes) still exceed previous years' figures, suggesting a long-term growth trend.<\/p><p>However, the sale of second-hand housing in M\u00e1laga has shown some stability during the period analysed. With 12,229 units sold between January and May 2023, sales are similar to 2019 figures (10,759 units), suggesting a stable demand for used housing in the region.<\/p><p><em>\"Although there has been a decline in new and resale sales compared to the previous year, Malaga continues to show solid numbers in the property market. The growth trend in new build sales and the stability in second hand sales suggest continued buyer interest in the region\",<\/em> has explained <strong>Elisabet Mart\u00ednez, Territorial Director of ACTIVUM in Andalusia.<\/strong><\/p><p>In this regard, the report also reveals that the city of M\u00e1laga currently has 37% more supply of new-build properties than 8 months ago, while in the second-hand market there is 15% less. More than 70% of the new build supply is concentrated in the municipalities of Marbella, Benalm\u00e1dena Costa and Estepona, suggesting a positive trend in the construction of new properties in these areas.<\/p><\/div>\t\t\t\t\t\t\t\t<\/div>\n\t\t\t\t<\/div>\n\t\t\t\t<div class=\"elementor-element elementor-element-ef8ce54 elementor-widget elementor-widget-image\" data-id=\"ef8ce54\" data-element_type=\"widget\" data-e-type=\"widget\" data-widget_type=\"image.default\">\n\t\t\t\t<div class=\"elementor-widget-container\">\n\t\t\t\t\t\t\t\t\t\t\t\t\t\t\t<img fetchpriority=\"high\" decoding=\"async\" width=\"800\" height=\"362\" src=\"https:\/\/activum.es\/wp-content\/uploads\/2023\/08\/malaga_2ago.jpg\" class=\"attachment-full size-full wp-image-23105\" alt=\"\" srcset=\"https:\/\/activum.es\/wp-content\/uploads\/2023\/08\/malaga_2ago.jpg 800w, https:\/\/activum.es\/wp-content\/uploads\/2023\/08\/malaga_2ago-300x136.jpg 300w, https:\/\/activum.es\/wp-content\/uploads\/2023\/08\/malaga_2ago-768x348.jpg 768w\" sizes=\"(max-width: 800px) 100vw, 800px\" \/>\t\t\t\t\t\t\t\t\t\t\t\t\t\t\t<\/div>\n\t\t\t\t<\/div>\n\t\t\t\t<div class=\"elementor-element elementor-element-78b7b52 elementor-widget elementor-widget-text-editor\" data-id=\"78b7b52\" data-element_type=\"widget\" data-e-type=\"widget\" data-widget_type=\"text-editor.default\">\n\t\t\t\t<div class=\"elementor-widget-container\">\n\t\t\t\t\t\t\t\t\t<p><strong>Variety of prices in new construction by area <\/strong><\/p><p>In the city of Malaga the average price per square metre of new build property is 3,049 euros. With its privileged location, this city has attracted many investors and sun and beach lovers, which has contributed to the increase in property prices recently.<\/p><p>On the western Costa del Sol, the price per square metre of new build property is 3,332 euros. This region is known for its stunning scenery, spectacular beaches and luxurious properties that have captivated discerning buyers seeking the highest level of exclusivity.<\/p><p>Meanwhile, on the Eastern Costa del Sol the price per square metre of new build property remains slightly lower at 2,298 euros. And in the Guadalhorce Valley, surrounded by fertile fields and serene panoramic views, the price per square metre of new build property stands at 2,215 euros.<\/p>\t\t\t\t\t\t\t\t<\/div>\n\t\t\t\t<\/div>\n\t\t\t\t<div class=\"elementor-element elementor-element-d25e342 elementor-widget elementor-widget-spacer\" data-id=\"d25e342\" data-element_type=\"widget\" data-e-type=\"widget\" data-widget_type=\"spacer.default\">\n\t\t\t\t<div class=\"elementor-widget-container\">\n\t\t\t\t\t\t\t<div class=\"elementor-spacer\">\n\t\t\t<div class=\"elementor-spacer-inner\"><\/div>\n\t\t<\/div>\n\t\t\t\t\t\t<\/div>\n\t\t\t\t<\/div>\n\t\t\t\t<div class=\"elementor-element elementor-element-0588ab0 elementor-widget elementor-widget-button\" data-id=\"0588ab0\" data-element_type=\"widget\" data-e-type=\"widget\" data-widget_type=\"button.default\">\n\t\t\t\t<div class=\"elementor-widget-container\">\n\t\t\t\t\t\t\t\t\t<div class=\"elementor-button-wrapper\">\n\t\t\t\t\t<a class=\"elementor-button elementor-button-link elementor-size-md\" href=\"https:\/\/activum.es\/pdf\/Ndp_2agos_23.pdf\">\n\t\t\t\t\t\t<span class=\"elementor-button-content-wrapper\">\n\t\t\t\t\t\t<span class=\"elementor-button-icon\">\n\t\t\t\t<i aria-hidden=\"true\" class=\"far fa-file-pdf\"><\/i>\t\t\t<\/span>\n\t\t\t\t\t\t\t\t\t<span class=\"elementor-button-text\">Download in pdf<\/span>\n\t\t\t\t\t<\/span>\n\t\t\t\t\t<\/a>\n\t\t\t\t<\/div>\n\t\t\t\t\t\t\t\t<\/div>\n\t\t\t\t<\/div>\n\t\t\t\t\t<\/div>\n\t\t<\/div>\n\t\t\t\t<div class=\"elementor-column elementor-col-33 elementor-top-column elementor-element elementor-element-cc7c994\" data-id=\"cc7c994\" data-element_type=\"column\" data-e-type=\"column\">\n\t\t\t<div class=\"elementor-widget-wrap elementor-element-populated\">\n\t\t\t\t\t\t<div class=\"elementor-element elementor-element-575c4e6 elementor-widget elementor-widget-image\" data-id=\"575c4e6\" data-element_type=\"widget\" data-e-type=\"widget\" data-widget_type=\"image.default\">\n\t\t\t\t<div class=\"elementor-widget-container\">\n\t\t\t\t\t\t\t\t\t\t\t\t\t\t\t<img decoding=\"async\" width=\"432\" height=\"180\" src=\"https:\/\/activum.es\/wp-content\/uploads\/2023\/02\/notas.png\" class=\"attachment-large size-large wp-image-19396\" alt=\"\" srcset=\"https:\/\/activum.es\/wp-content\/uploads\/2023\/02\/notas.png 432w, https:\/\/activum.es\/wp-content\/uploads\/2023\/02\/notas-300x125.png 300w\" sizes=\"(max-width: 432px) 100vw, 432px\" \/>\t\t\t\t\t\t\t\t\t\t\t\t\t\t\t<\/div>\n\t\t\t\t<\/div>\n\t\t\t\t<div class=\"elementor-element elementor-element-b918df2 elementor-widget elementor-widget-template\" data-id=\"b918df2\" data-element_type=\"widget\" data-e-type=\"widget\" data-widget_type=\"template.default\">\n\t\t\t\t<div class=\"elementor-widget-container\">\n\t\t\t\t\t\t\t<div class=\"elementor-template\">\n\t\t\t\t\t<div data-elementor-type=\"section\" data-elementor-id=\"21012\" class=\"elementor elementor-21012\" data-elementor-post-type=\"elementor_library\">\n\t\t\t\t\t<section class=\"elementor-section elementor-top-section elementor-element elementor-element-c32bec5 elementor-section-boxed elementor-section-height-default elementor-section-height-default\" data-id=\"c32bec5\" data-element_type=\"section\" data-e-type=\"section\">\n\t\t\t\t\t\t<div class=\"elementor-container elementor-column-gap-default\">\n\t\t\t\t\t<div class=\"elementor-column elementor-col-100 elementor-top-column elementor-element elementor-element-ee75606\" data-id=\"ee75606\" data-element_type=\"column\" data-e-type=\"column\">\n\t\t\t<div class=\"elementor-widget-wrap elementor-element-populated\">\n\t\t\t\t\t\t<div class=\"elementor-element elementor-element-2ea4108 elementor-widget elementor-widget-shortcode\" data-id=\"2ea4108\" data-element_type=\"widget\" data-e-type=\"widget\" data-widget_type=\"shortcode.default\">\n\t\t\t\t<div class=\"elementor-widget-container\">\n\t\t\t\t\t\t\t<div class=\"elementor-shortcode\">    <div class=\"activum-ultimas-notas\">\n        <ul class=\"activum-ultimas-notas__list\">\n                            <li class=\"activum-ultimas-notas__item\">\n                    <a class=\"activum-ultimas-notas__link\" href=\"https:\/\/activum.es\/en\/ndp-16-enero-2025\/\">\n                        El Vall\u00e8s Occidental: el nuevo epicentro residencial de Barcelona                    <\/a>\n\n                                            <span class=\"activum-ultimas-notas__date\">\n                            17\/01\/2025                        <\/span>\n                                    <\/li>\n                            <li class=\"activum-ultimas-notas__item\">\n                    <a class=\"activum-ultimas-notas__link\" href=\"https:\/\/activum.es\/en\/ndp-02-abr_2025\/\">\n                        Activum celebra 30 a\u00f1os liderando la gesti\u00f3n de proyectos residenciales inmobiliarios                    <\/a>\n\n                                            <span class=\"activum-ultimas-notas__date\">\n                            02\/04\/2025                        <\/span>\n                                    <\/li>\n                            <li class=\"activum-ultimas-notas__item\">\n                    <a class=\"activum-ultimas-notas__link\" href=\"https:\/\/activum.es\/en\/ndp-24-oct_2024\/\">\n                        Activum Real Estate Consulting reinforces its commercial structure with Laura Gonz\u00e1lez                    <\/a>\n\n                                            <span class=\"activum-ultimas-notas__date\">\n                            24\/10\/2024                        <\/span>\n                                    <\/li>\n                    <\/ul>\n    <\/div>\n    <\/div>\n\t\t\t\t\t\t<\/div>\n\t\t\t\t<\/div>\n\t\t\t\t\t<\/div>\n\t\t<\/div>\n\t\t\t\t\t<\/div>\n\t\t<\/section>\n\t\t\t\t<\/div>\n\t\t\t\t<\/div>\n\t\t\t\t\t\t<\/div>\n\t\t\t\t<\/div>\n\t\t\t\t\t<\/div>\n\t\t<\/div>\n\t\t\t\t\t<\/div>\n\t\t<\/section>\n\t\t\t\t<section class=\"elementor-section elementor-top-section elementor-element elementor-element-b8b2710 elementor-section-boxed elementor-section-height-default elementor-section-height-default\" data-id=\"b8b2710\" data-element_type=\"section\" data-e-type=\"section\">\n\t\t\t\t\t\t<div class=\"elementor-container elementor-column-gap-default\">\n\t\t\t\t\t<div class=\"elementor-column elementor-col-100 elementor-top-column elementor-element elementor-element-db406b8\" data-id=\"db406b8\" data-element_type=\"column\" data-e-type=\"column\">\n\t\t\t<div class=\"elementor-widget-wrap\">\n\t\t\t\t\t\t\t<\/div>\n\t\t<\/div>\n\t\t\t\t\t<\/div>\n\t\t<\/section>\n\t\t\t\t<\/div>","protected":false},"excerpt":{"rendered":"<p>Sala de prensa &gt;&gt; MERCADO INMOBILIARIO DE M\u00c1LAGA MUESTRA DINAMISMO CON M\u00c1S DE 15.000 VIVIENDAS VENDIDAS HASTA MAYO 2 ago 2023 Las ventas de viviendas de obra nueva en M\u00e1laga siguen en alza Los municipios de Marbella, Benalm\u00e1dena Costa y Estepona concentran un 72% de la oferta de obra nueva Con un total de 15.337 [&hellip;]<\/p>\n","protected":false},"author":1,"featured_media":0,"parent":0,"menu_order":0,"comment_status":"closed","ping_status":"closed","template":"","meta":{"_acf_changed":false,"footnotes":""},"class_list":["post-24935","page","type-page","status-publish","hentry"],"acf":[],"yoast_head":"<!-- This site is optimized with the Yoast SEO plugin v27.0 - https:\/\/yoast.com\/product\/yoast-seo-wordpress\/ -->\n<title>ndp-02-ago_2023<\/title>\n<meta name=\"robots\" content=\"index, follow, max-snippet:-1, max-image-preview:large, max-video-preview:-1\" \/>\n<link rel=\"canonical\" href=\"https:\/\/activum.es\/en\/ndp_02_ago_2023-2\/\" \/>\n<meta property=\"og:locale\" content=\"en_GB\" \/>\n<meta property=\"og:type\" content=\"article\" \/>\n<meta property=\"og:title\" content=\"ndp-02-ago_2023\" \/>\n<meta property=\"og:description\" content=\"Sala de prensa &gt;&gt; MERCADO INMOBILIARIO DE M\u00c1LAGA MUESTRA DINAMISMO CON M\u00c1S DE 15.000 VIVIENDAS VENDIDAS HASTA MAYO 2 ago 2023 Las ventas de viviendas de obra nueva en M\u00e1laga siguen en alza Los municipios de Marbella, Benalm\u00e1dena Costa y Estepona concentran un 72% de la oferta de obra nueva Con un total de 15.337 [&hellip;]\" \/>\n<meta property=\"og:url\" content=\"https:\/\/activum.es\/en\/ndp_02_ago_2023-2\/\" \/>\n<meta property=\"og:site_name\" content=\"Activum Real Estate Consulting\" \/>\n<meta property=\"article:publisher\" content=\"https:\/\/www.facebook.com\/activumtucasa\/\" \/>\n<meta property=\"article:modified_time\" content=\"2026-03-04T10:23:18+00:00\" \/>\n<meta property=\"og:image\" content=\"https:\/\/activum.es\/wp-content\/uploads\/2023\/08\/malaga_2ago.jpg\" \/>\n\t<meta property=\"og:image:width\" content=\"800\" \/>\n\t<meta property=\"og:image:height\" content=\"362\" \/>\n\t<meta property=\"og:image:type\" content=\"image\/jpeg\" \/>\n<meta name=\"twitter:card\" content=\"summary_large_image\" \/>\n<meta name=\"twitter:site\" content=\"@Activum_Inmo\" \/>\n<meta name=\"twitter:label1\" content=\"Estimated reading time\" \/>\n\t<meta name=\"twitter:data1\" content=\"9 minutes\" \/>\n<script type=\"application\/ld+json\" class=\"yoast-schema-graph\">{\"@context\":\"https:\/\/schema.org\",\"@graph\":[{\"@type\":\"WebPage\",\"@id\":\"https:\/\/activum.es\/ndp_02_ago_2023-2\/\",\"url\":\"https:\/\/activum.es\/ndp_02_ago_2023-2\/\",\"name\":\"ndp-02-ago_2023\",\"isPartOf\":{\"@id\":\"\/#website\"},\"primaryImageOfPage\":{\"@id\":\"https:\/\/activum.es\/ndp_02_ago_2023-2\/#primaryimage\"},\"image\":{\"@id\":\"https:\/\/activum.es\/ndp_02_ago_2023-2\/#primaryimage\"},\"thumbnailUrl\":\"https:\/\/activum.es\/wp-content\/uploads\/2023\/08\/malaga_2ago.jpg\",\"datePublished\":\"2023-04-03T09:29:52+00:00\",\"dateModified\":\"2026-03-04T10:23:18+00:00\",\"breadcrumb\":{\"@id\":\"https:\/\/activum.es\/ndp_02_ago_2023-2\/#breadcrumb\"},\"inLanguage\":\"en-GB\",\"potentialAction\":[{\"@type\":\"ReadAction\",\"target\":[\"https:\/\/activum.es\/ndp_02_ago_2023-2\/\"]}]},{\"@type\":\"ImageObject\",\"inLanguage\":\"en-GB\",\"@id\":\"https:\/\/activum.es\/ndp_02_ago_2023-2\/#primaryimage\",\"url\":\"https:\/\/activum.es\/wp-content\/uploads\/2023\/08\/malaga_2ago.jpg\",\"contentUrl\":\"https:\/\/activum.es\/wp-content\/uploads\/2023\/08\/malaga_2ago.jpg\"},{\"@type\":\"BreadcrumbList\",\"@id\":\"https:\/\/activum.es\/ndp_02_ago_2023-2\/#breadcrumb\",\"itemListElement\":[{\"@type\":\"ListItem\",\"position\":1,\"name\":\"Portada\",\"item\":\"https:\/\/activum.es\/\"},{\"@type\":\"ListItem\",\"position\":2,\"name\":\"ndp-02-ago_2023\"}]},{\"@type\":\"WebSite\",\"@id\":\"\/#website\",\"url\":\"\/\",\"name\":\"Activum Real Estate Consulting\",\"description\":\"Un gran equipo al servicio del sector Inmobiliario\",\"publisher\":{\"@id\":\"\/#organization\"},\"alternateName\":\"Activum Real Estate\",\"potentialAction\":[{\"@type\":\"SearchAction\",\"target\":{\"@type\":\"EntryPoint\",\"urlTemplate\":\"\/?s={search_term_string}\"},\"query-input\":{\"@type\":\"PropertyValueSpecification\",\"valueRequired\":true,\"valueName\":\"search_term_string\"}}],\"inLanguage\":\"en-GB\"},{\"@type\":\"Organization\",\"@id\":\"\/#organization\",\"name\":\"Activum Real Estate Consulting\",\"alternateName\":\"Activum Real Estate\",\"url\":\"\/\",\"logo\":{\"@type\":\"ImageObject\",\"inLanguage\":\"en-GB\",\"@id\":\"\/#\/schema\/logo\/image\/\",\"url\":\"https:\/\/activum.es\/wp-content\/uploads\/2025\/04\/activum-logo-positve.png\",\"contentUrl\":\"https:\/\/activum.es\/wp-content\/uploads\/2025\/04\/activum-logo-positve.png\",\"width\":1464,\"height\":1357,\"caption\":\"Activum Real Estate Consulting\"},\"image\":{\"@id\":\"\/#\/schema\/logo\/image\/\"},\"sameAs\":[\"https:\/\/www.facebook.com\/activumtucasa\/\",\"https:\/\/x.com\/Activum_Inmo\",\"https:\/\/www.instagram.com\/activum_?igsh=MTZld3pvdDJscDBwag==\",\"https:\/\/www.tiktok.com\/@activum_\"]}]}<\/script>\n<!-- \/ Yoast SEO plugin. -->","yoast_head_json":{"title":"ndp-02-ago_2023","robots":{"index":"index","follow":"follow","max-snippet":"max-snippet:-1","max-image-preview":"max-image-preview:large","max-video-preview":"max-video-preview:-1"},"canonical":"https:\/\/activum.es\/en\/ndp_02_ago_2023-2\/","og_locale":"en_GB","og_type":"article","og_title":"ndp-02-ago_2023","og_description":"Sala de prensa &gt;&gt; MERCADO INMOBILIARIO DE M\u00c1LAGA MUESTRA DINAMISMO CON M\u00c1S DE 15.000 VIVIENDAS VENDIDAS HASTA MAYO 2 ago 2023 Las ventas de viviendas de obra nueva en M\u00e1laga siguen en alza Los municipios de Marbella, Benalm\u00e1dena Costa y Estepona concentran un 72% de la oferta de obra nueva Con un total de 15.337 [&hellip;]","og_url":"https:\/\/activum.es\/en\/ndp_02_ago_2023-2\/","og_site_name":"Activum Real Estate Consulting","article_publisher":"https:\/\/www.facebook.com\/activumtucasa\/","article_modified_time":"2026-03-04T10:23:18+00:00","og_image":[{"width":800,"height":362,"url":"https:\/\/activum.es\/wp-content\/uploads\/2023\/08\/malaga_2ago.jpg","type":"image\/jpeg"}],"twitter_card":"summary_large_image","twitter_site":"@Activum_Inmo","twitter_misc":{"Estimated reading time":"9 minutes"},"schema":{"@context":"https:\/\/schema.org","@graph":[{"@type":"WebPage","@id":"https:\/\/activum.es\/ndp_02_ago_2023-2\/","url":"https:\/\/activum.es\/ndp_02_ago_2023-2\/","name":"ndp-02-ago_2023","isPartOf":{"@id":"\/#website"},"primaryImageOfPage":{"@id":"https:\/\/activum.es\/ndp_02_ago_2023-2\/#primaryimage"},"image":{"@id":"https:\/\/activum.es\/ndp_02_ago_2023-2\/#primaryimage"},"thumbnailUrl":"https:\/\/activum.es\/wp-content\/uploads\/2023\/08\/malaga_2ago.jpg","datePublished":"2023-04-03T09:29:52+00:00","dateModified":"2026-03-04T10:23:18+00:00","breadcrumb":{"@id":"https:\/\/activum.es\/ndp_02_ago_2023-2\/#breadcrumb"},"inLanguage":"en-GB","potentialAction":[{"@type":"ReadAction","target":["https:\/\/activum.es\/ndp_02_ago_2023-2\/"]}]},{"@type":"ImageObject","inLanguage":"en-GB","@id":"https:\/\/activum.es\/ndp_02_ago_2023-2\/#primaryimage","url":"https:\/\/activum.es\/wp-content\/uploads\/2023\/08\/malaga_2ago.jpg","contentUrl":"https:\/\/activum.es\/wp-content\/uploads\/2023\/08\/malaga_2ago.jpg"},{"@type":"BreadcrumbList","@id":"https:\/\/activum.es\/ndp_02_ago_2023-2\/#breadcrumb","itemListElement":[{"@type":"ListItem","position":1,"name":"Portada","item":"https:\/\/activum.es\/"},{"@type":"ListItem","position":2,"name":"ndp-02-ago_2023"}]},{"@type":"WebSite","@id":"\/#website","url":"\/","name":"Activum Real Estate Consulting","description":"Un gran equipo al servicio del sector Inmobiliario","publisher":{"@id":"\/#organization"},"alternateName":"Activum Real Estate","potentialAction":[{"@type":"SearchAction","target":{"@type":"EntryPoint","urlTemplate":"\/?s={search_term_string}"},"query-input":{"@type":"PropertyValueSpecification","valueRequired":true,"valueName":"search_term_string"}}],"inLanguage":"en-GB"},{"@type":"Organization","@id":"\/#organization","name":"Activum Real Estate Consulting","alternateName":"Activum Real Estate","url":"\/","logo":{"@type":"ImageObject","inLanguage":"en-GB","@id":"\/#\/schema\/logo\/image\/","url":"https:\/\/activum.es\/wp-content\/uploads\/2025\/04\/activum-logo-positve.png","contentUrl":"https:\/\/activum.es\/wp-content\/uploads\/2025\/04\/activum-logo-positve.png","width":1464,"height":1357,"caption":"Activum Real Estate Consulting"},"image":{"@id":"\/#\/schema\/logo\/image\/"},"sameAs":["https:\/\/www.facebook.com\/activumtucasa\/","https:\/\/x.com\/Activum_Inmo","https:\/\/www.instagram.com\/activum_?igsh=MTZld3pvdDJscDBwag==","https:\/\/www.tiktok.com\/@activum_"]}]}},"_links":{"self":[{"href":"https:\/\/activum.es\/en\/wp-json\/wp\/v2\/pages\/24935","targetHints":{"allow":["GET"]}}],"collection":[{"href":"https:\/\/activum.es\/en\/wp-json\/wp\/v2\/pages"}],"about":[{"href":"https:\/\/activum.es\/en\/wp-json\/wp\/v2\/types\/page"}],"author":[{"embeddable":true,"href":"https:\/\/activum.es\/en\/wp-json\/wp\/v2\/users\/1"}],"replies":[{"embeddable":true,"href":"https:\/\/activum.es\/en\/wp-json\/wp\/v2\/comments?post=24935"}],"version-history":[{"count":1,"href":"https:\/\/activum.es\/en\/wp-json\/wp\/v2\/pages\/24935\/revisions"}],"predecessor-version":[{"id":34113,"href":"https:\/\/activum.es\/en\/wp-json\/wp\/v2\/pages\/24935\/revisions\/34113"}],"wp:attachment":[{"href":"https:\/\/activum.es\/en\/wp-json\/wp\/v2\/media?parent=24935"}],"curies":[{"name":"wp","href":"https:\/\/api.w.org\/{rel}","templated":true}]}}