{"id":6383,"date":"2025-04-03T09:32:14","date_gmt":"2025-04-03T09:32:14","guid":{"rendered":"https:\/\/silbana.com\/CLIENTES\/ACTIVUM3\/?page_id=6383"},"modified":"2025-04-03T09:32:14","modified_gmt":"2025-04-03T09:32:14","slug":"build-to-rentb","status":"publish","type":"page","link":"https:\/\/activum.es\/en\/build-to-rentb\/","title":{"rendered":"Build to Rentb"},"content":{"rendered":"<div data-elementor-type=\"wp-page\" data-elementor-id=\"6383\" class=\"elementor elementor-6383\" data-elementor-post-type=\"page\">\n\t\t\t\t\t\t<section class=\"elementor-section elementor-top-section elementor-element elementor-element-8e9d2da qodef-hide-image-1024 elementor-section-boxed elementor-section-height-default elementor-section-height-default\" data-id=\"8e9d2da\" data-element_type=\"section\" data-e-type=\"section\" data-settings=\"{&quot;background_background&quot;:&quot;classic&quot;}\">\n\t\t\t\t\t\t<div class=\"elementor-container elementor-column-gap-default\">\n\t\t\t\t\t<div class=\"elementor-column elementor-col-100 elementor-top-column elementor-element elementor-element-2e5befb\" data-id=\"2e5befb\" data-element_type=\"column\" data-e-type=\"column\">\n\t\t\t<div class=\"elementor-widget-wrap elementor-element-populated\">\n\t\t\t\t\t\t<div class=\"elementor-element elementor-element-71cb126 elementor-widget elementor-widget-spacer\" data-id=\"71cb126\" data-element_type=\"widget\" data-e-type=\"widget\" data-widget_type=\"spacer.default\">\n\t\t\t\t<div class=\"elementor-widget-container\">\n\t\t\t\t\t\t\t<div class=\"elementor-spacer\">\n\t\t\t<div class=\"elementor-spacer-inner\"><\/div>\n\t\t<\/div>\n\t\t\t\t\t\t<\/div>\n\t\t\t\t<\/div>\n\t\t\t\t\t<\/div>\n\t\t<\/div>\n\t\t\t\t\t<\/div>\n\t\t<\/section>\n\t\t\t\t<section class=\"elementor-section elementor-top-section elementor-element elementor-element-7d3b84f elementor-section-boxed elementor-section-height-default elementor-section-height-default\" data-id=\"7d3b84f\" data-element_type=\"section\" data-e-type=\"section\">\n\t\t\t\t\t\t\t<div class=\"elementor-background-overlay\"><\/div>\n\t\t\t\t\t\t\t<div class=\"elementor-container elementor-column-gap-default\">\n\t\t\t\t\t<div class=\"elementor-column elementor-col-50 elementor-top-column elementor-element elementor-element-09d30c0\" data-id=\"09d30c0\" data-element_type=\"column\" data-e-type=\"column\">\n\t\t\t<div class=\"elementor-widget-wrap\">\n\t\t\t\t\t\t\t<\/div>\n\t\t<\/div>\n\t\t\t\t<div class=\"elementor-column elementor-col-50 elementor-top-column elementor-element elementor-element-04a5685\" data-id=\"04a5685\" data-element_type=\"column\" data-e-type=\"column\">\n\t\t\t<div class=\"elementor-widget-wrap elementor-element-populated\">\n\t\t\t\t\t\t<div class=\"elementor-element elementor-element-7919711 elementor-widget elementor-widget-spacer\" data-id=\"7919711\" data-element_type=\"widget\" data-e-type=\"widget\" data-widget_type=\"spacer.default\">\n\t\t\t\t<div class=\"elementor-widget-container\">\n\t\t\t\t\t\t\t<div class=\"elementor-spacer\">\n\t\t\t<div class=\"elementor-spacer-inner\"><\/div>\n\t\t<\/div>\n\t\t\t\t\t\t<\/div>\n\t\t\t\t<\/div>\n\t\t\t\t<div class=\"elementor-element elementor-element-ed0b348 elementor-widget elementor-widget-text-editor\" data-id=\"ed0b348\" data-element_type=\"widget\" data-e-type=\"widget\" data-widget_type=\"text-editor.default\">\n\t\t\t\t<div class=\"elementor-widget-container\">\n\t\t\t\t\t\t\t\t\t<div class=\"wpb_text_column wpb_content_element vc_custom_1634721811271\">\n<div class=\"wpb_wrapper\">\n<p style=\"text-align: justify;\">ACTIVUM ofrece un servicio integral para el Build to Rent, acompa\u00f1ando al inversor en todo el proceso y desarrollo del negocio.<\/p>\n<p style=\"text-align: justify;\">Conocimiento y experiencia garantizan una reducci\u00f3n de costes operativos y maximizaci\u00f3n de los ingresos del proyecto, coordinando todos los equipos multidisciplinares para cumplir los objetivos en cada una de sus fases.<\/p>\n\n<\/div>\n<\/div>\t\t\t\t\t\t\t\t<\/div>\n\t\t\t\t<\/div>\n\t\t\t\t\t<\/div>\n\t\t<\/div>\n\t\t\t\t\t<\/div>\n\t\t<\/section>\n\t\t\t\t<section class=\"elementor-section elementor-top-section elementor-element elementor-element-1c99da8 elementor-section-boxed elementor-section-height-default elementor-section-height-default\" data-id=\"1c99da8\" data-element_type=\"section\" data-e-type=\"section\">\n\t\t\t\t\t\t<div class=\"elementor-container elementor-column-gap-default\">\n\t\t\t\t\t<div class=\"elementor-column elementor-col-100 elementor-top-column elementor-element elementor-element-837122b\" data-id=\"837122b\" data-element_type=\"column\" data-e-type=\"column\" data-settings=\"{&quot;background_background&quot;:&quot;slideshow&quot;,&quot;background_slideshow_gallery&quot;:[],&quot;background_slideshow_loop&quot;:&quot;yes&quot;,&quot;background_slideshow_slide_duration&quot;:5000,&quot;background_slideshow_slide_transition&quot;:&quot;fade&quot;,&quot;background_slideshow_transition_duration&quot;:500}\">\n\t\t\t<div class=\"elementor-widget-wrap elementor-element-populated\">\n\t\t\t\t\t\t<div class=\"elementor-element elementor-element-212620e elementor-widget elementor-widget-spacer\" data-id=\"212620e\" data-element_type=\"widget\" data-e-type=\"widget\" data-widget_type=\"spacer.default\">\n\t\t\t\t<div class=\"elementor-widget-container\">\n\t\t\t\t\t\t\t<div class=\"elementor-spacer\">\n\t\t\t<div class=\"elementor-spacer-inner\"><\/div>\n\t\t<\/div>\n\t\t\t\t\t\t<\/div>\n\t\t\t\t<\/div>\n\t\t\t\t\t<\/div>\n\t\t<\/div>\n\t\t\t\t\t<\/div>\n\t\t<\/section>\n\t\t\t\t<section class=\"elementor-section elementor-top-section elementor-element elementor-element-b85ac8a elementor-section-boxed elementor-section-height-default elementor-section-height-default\" data-id=\"b85ac8a\" data-element_type=\"section\" data-e-type=\"section\">\n\t\t\t\t\t\t<div class=\"elementor-container elementor-column-gap-default\">\n\t\t\t\t\t<div class=\"elementor-column elementor-col-100 elementor-top-column elementor-element elementor-element-091e8a9\" data-id=\"091e8a9\" data-element_type=\"column\" data-e-type=\"column\">\n\t\t\t<div class=\"elementor-widget-wrap elementor-element-populated\">\n\t\t\t\t\t\t<div class=\"elementor-element elementor-element-33cf8ec elementor-widget elementor-widget-text-editor\" data-id=\"33cf8ec\" data-element_type=\"widget\" data-e-type=\"widget\" data-widget_type=\"text-editor.default\">\n\t\t\t\t<div class=\"elementor-widget-container\">\n\t\t\t\t\t\t\t\t\t<ul><li>An\u00e1lisis oportunidad de inversi\u00f3n<\/li><li>Comercializaci\u00f3n de alquileres<\/li><li>Tr\u00e1mites administrativos; scoring, gesti\u00f3n documental, tramitaci\u00f3n seguros y preparaci\u00f3n contratos.<\/li><li>Atenci\u00f3n al Cliente inquilino<\/li><li>Coordinaci\u00f3n y Gesti\u00f3n de Facility Services<\/li><li>Coordinaci\u00f3n de empresas Portfolio de Servicios<\/li><\/ul>\t\t\t\t\t\t\t\t<\/div>\n\t\t\t\t<\/div>\n\t\t\t\t\t<\/div>\n\t\t<\/div>\n\t\t\t\t\t<\/div>\n\t\t<\/section>\n\t\t\t\t<section class=\"elementor-section elementor-top-section elementor-element elementor-element-11bf8c3 elementor-section-boxed elementor-section-height-default elementor-section-height-default\" data-id=\"11bf8c3\" data-element_type=\"section\" data-e-type=\"section\">\n\t\t\t\t\t\t<div class=\"elementor-container elementor-column-gap-default\">\n\t\t\t\t\t<div class=\"elementor-column elementor-col-100 elementor-top-column elementor-element elementor-element-46aa45d\" data-id=\"46aa45d\" data-element_type=\"column\" data-e-type=\"column\" data-settings=\"{&quot;background_background&quot;:&quot;slideshow&quot;,&quot;background_slideshow_gallery&quot;:[],&quot;background_slideshow_loop&quot;:&quot;yes&quot;,&quot;background_slideshow_slide_duration&quot;:5000,&quot;background_slideshow_slide_transition&quot;:&quot;fade&quot;,&quot;background_slideshow_transition_duration&quot;:500}\">\n\t\t\t<div class=\"elementor-widget-wrap elementor-element-populated\">\n\t\t\t\t\t\t<div class=\"elementor-element elementor-element-095234d elementor-widget elementor-widget-spacer\" data-id=\"095234d\" data-element_type=\"widget\" data-e-type=\"widget\" data-widget_type=\"spacer.default\">\n\t\t\t\t<div class=\"elementor-widget-container\">\n\t\t\t\t\t\t\t<div class=\"elementor-spacer\">\n\t\t\t<div class=\"elementor-spacer-inner\"><\/div>\n\t\t<\/div>\n\t\t\t\t\t\t<\/div>\n\t\t\t\t<\/div>\n\t\t\t\t\t<\/div>\n\t\t<\/div>\n\t\t\t\t\t<\/div>\n\t\t<\/section>\n\t\t\t\t<\/div>","protected":false},"excerpt":{"rendered":"<p>SERVICIOS ACTIVUM build to rent ACTIVUM ofrece un servicio integral para el Build to Rent, acompa\u00f1ando al inversor en todo el proceso y desarrollo del negocio. Conocimiento y experiencia garantizan una reducci\u00f3n de costes operativos y maximizaci\u00f3n de los ingresos del proyecto, coordinando todos los equipos multidisciplinares para cumplir los objetivos en cada una de [&hellip;]<\/p>\n","protected":false},"author":1,"featured_media":0,"parent":0,"menu_order":0,"comment_status":"closed","ping_status":"closed","template":"page-full-width.php","meta":{"_acf_changed":false,"footnotes":""},"class_list":["post-6383","page","type-page","status-publish","hentry"],"acf":[],"yoast_head":"<!-- This site is optimized with the Yoast SEO plugin v27.0 - https:\/\/yoast.com\/product\/yoast-seo-wordpress\/ -->\n<title>Build to Rentb<\/title>\n<meta name=\"description\" content=\"Asesoramos y acompa\u00f1amos al cliente en los proyectos build to rent.Analizamos oportunidades de inversi\u00f3n con exhaustivo an\u00e1lisis urban\u00edstico y de mercado, con definici\u00f3n del producto id\u00f3neo y estimaci\u00f3n de rentas. Nuestra fuerte presencia territorial nos avala en el conocimiento de los principales n\u00facleos urbanos donde el build to rent es una f\u00f3rmula atractiva.Nuestra labor implica a varios departamentos de Activum -proyectos, an\u00e1lisis de mercado, comercial, marketing- para ofrecer un an\u00e1lisis multidisciplinar y completo. Acompa\u00f1amos al inversor en todo el proceso build to rent.Por \u00faltimo, una vez realizado el proyecto, nos encargamos de la gesti\u00f3n del activo resultante desde el punto de vista t\u00e9cnico, administrativo y comercial. Somos el interlocutor entre el cliente y los inquilinos, represent\u00e1ndolo y llevando a cabo la comercializaci\u00f3n, as\u00ed como las adecuaciones del producto y el mantenimiento del mismo. Reportamos puntualmente nuestra gesti\u00f3n integral al cliente inversor.\" \/>\n<meta name=\"robots\" content=\"index, follow, max-snippet:-1, max-image-preview:large, max-video-preview:-1\" \/>\n<link rel=\"canonical\" href=\"https:\/\/activum.es\/en\/build-to-rentb\/\" \/>\n<meta property=\"og:locale\" content=\"en_GB\" \/>\n<meta property=\"og:type\" content=\"article\" \/>\n<meta property=\"og:title\" content=\"Build to Rentb\" \/>\n<meta property=\"og:description\" content=\"Asesoramos y acompa\u00f1amos al cliente en los proyectos build to rent.Analizamos oportunidades de inversi\u00f3n con exhaustivo an\u00e1lisis urban\u00edstico y de mercado, con definici\u00f3n del producto id\u00f3neo y estimaci\u00f3n de rentas. Nuestra fuerte presencia territorial nos avala en el conocimiento de los principales n\u00facleos urbanos donde el build to rent es una f\u00f3rmula atractiva.Nuestra labor implica a varios departamentos de Activum -proyectos, an\u00e1lisis de mercado, comercial, marketing- para ofrecer un an\u00e1lisis multidisciplinar y completo. Acompa\u00f1amos al inversor en todo el proceso build to rent.Por \u00faltimo, una vez realizado el proyecto, nos encargamos de la gesti\u00f3n del activo resultante desde el punto de vista t\u00e9cnico, administrativo y comercial. Somos el interlocutor entre el cliente y los inquilinos, represent\u00e1ndolo y llevando a cabo la comercializaci\u00f3n, as\u00ed como las adecuaciones del producto y el mantenimiento del mismo. Reportamos puntualmente nuestra gesti\u00f3n integral al cliente inversor.\" \/>\n<meta property=\"og:url\" content=\"https:\/\/activum.es\/en\/build-to-rentb\/\" \/>\n<meta property=\"og:site_name\" content=\"Activum Real Estate Consulting\" \/>\n<meta property=\"article:publisher\" content=\"https:\/\/www.facebook.com\/activumtucasa\/\" \/>\n<meta property=\"og:image\" content=\"http:\/\/activum.es\/wp-content\/uploads\/2022\/01\/build2.jpg\" \/>\n<meta name=\"twitter:card\" content=\"summary_large_image\" \/>\n<meta name=\"twitter:site\" content=\"@Activum_Inmo\" \/>\n<meta name=\"twitter:label1\" content=\"Estimated reading time\" \/>\n\t<meta name=\"twitter:data1\" content=\"1 minute\" \/>\n<script type=\"application\/ld+json\" class=\"yoast-schema-graph\">{\"@context\":\"https:\/\/schema.org\",\"@graph\":[{\"@type\":\"WebPage\",\"@id\":\"https:\/\/activum.es\/build-to-rentb\/\",\"url\":\"https:\/\/activum.es\/build-to-rentb\/\",\"name\":\"Build to Rentb\",\"isPartOf\":{\"@id\":\"\/#website\"},\"primaryImageOfPage\":{\"@id\":\"https:\/\/activum.es\/build-to-rentb\/#primaryimage\"},\"image\":{\"@id\":\"https:\/\/activum.es\/build-to-rentb\/#primaryimage\"},\"thumbnailUrl\":\"http:\/\/activum.es\/wp-content\/uploads\/2022\/01\/build2.jpg\",\"datePublished\":\"2025-04-03T09:32:14+00:00\",\"description\":\"Asesoramos y acompa\u00f1amos al cliente en los proyectos build to rent.Analizamos oportunidades de inversi\u00f3n con exhaustivo an\u00e1lisis urban\u00edstico y de mercado, con definici\u00f3n del producto id\u00f3neo y estimaci\u00f3n de rentas. Nuestra fuerte presencia territorial nos avala en el conocimiento de los principales n\u00facleos urbanos donde el build to rent es una f\u00f3rmula atractiva.Nuestra labor implica a varios departamentos de Activum -proyectos, an\u00e1lisis de mercado, comercial, marketing- para ofrecer un an\u00e1lisis multidisciplinar y completo. Acompa\u00f1amos al inversor en todo el proceso build to rent.Por \u00faltimo, una vez realizado el proyecto, nos encargamos de la gesti\u00f3n del activo resultante desde el punto de vista t\u00e9cnico, administrativo y comercial. Somos el interlocutor entre el cliente y los inquilinos, represent\u00e1ndolo y llevando a cabo la comercializaci\u00f3n, as\u00ed como las adecuaciones del producto y el mantenimiento del mismo. Reportamos puntualmente nuestra gesti\u00f3n integral al cliente inversor.\",\"breadcrumb\":{\"@id\":\"https:\/\/activum.es\/build-to-rentb\/#breadcrumb\"},\"inLanguage\":\"en-GB\",\"potentialAction\":[{\"@type\":\"ReadAction\",\"target\":[\"https:\/\/activum.es\/build-to-rentb\/\"]}]},{\"@type\":\"ImageObject\",\"inLanguage\":\"en-GB\",\"@id\":\"https:\/\/activum.es\/build-to-rentb\/#primaryimage\",\"url\":\"http:\/\/activum.es\/wp-content\/uploads\/2022\/01\/build2.jpg\",\"contentUrl\":\"http:\/\/activum.es\/wp-content\/uploads\/2022\/01\/build2.jpg\"},{\"@type\":\"BreadcrumbList\",\"@id\":\"https:\/\/activum.es\/build-to-rentb\/#breadcrumb\",\"itemListElement\":[{\"@type\":\"ListItem\",\"position\":1,\"name\":\"Portada\",\"item\":\"https:\/\/activum.es\/\"},{\"@type\":\"ListItem\",\"position\":2,\"name\":\"Build to Rentb\"}]},{\"@type\":\"WebSite\",\"@id\":\"\/#website\",\"url\":\"\/\",\"name\":\"Activum Real Estate Consulting\",\"description\":\"Un gran equipo al servicio del sector Inmobiliario\",\"publisher\":{\"@id\":\"\/#organization\"},\"alternateName\":\"Activum Real Estate\",\"potentialAction\":[{\"@type\":\"SearchAction\",\"target\":{\"@type\":\"EntryPoint\",\"urlTemplate\":\"\/?s={search_term_string}\"},\"query-input\":{\"@type\":\"PropertyValueSpecification\",\"valueRequired\":true,\"valueName\":\"search_term_string\"}}],\"inLanguage\":\"en-GB\"},{\"@type\":\"Organization\",\"@id\":\"\/#organization\",\"name\":\"Activum Real Estate Consulting\",\"alternateName\":\"Activum Real Estate\",\"url\":\"\/\",\"logo\":{\"@type\":\"ImageObject\",\"inLanguage\":\"en-GB\",\"@id\":\"\/#\/schema\/logo\/image\/\",\"url\":\"https:\/\/activum.es\/wp-content\/uploads\/2025\/04\/activum-logo-positve.png\",\"contentUrl\":\"https:\/\/activum.es\/wp-content\/uploads\/2025\/04\/activum-logo-positve.png\",\"width\":1464,\"height\":1357,\"caption\":\"Activum Real Estate Consulting\"},\"image\":{\"@id\":\"\/#\/schema\/logo\/image\/\"},\"sameAs\":[\"https:\/\/www.facebook.com\/activumtucasa\/\",\"https:\/\/x.com\/Activum_Inmo\",\"https:\/\/www.instagram.com\/activum_?igsh=MTZld3pvdDJscDBwag==\",\"https:\/\/www.tiktok.com\/@activum_\"]}]}<\/script>\n<!-- \/ Yoast SEO plugin. -->","yoast_head_json":{"title":"Build to Rentb","description":"Asesoramos y acompa\u00f1amos al cliente en los proyectos build to rent.Analizamos oportunidades de inversi\u00f3n con exhaustivo an\u00e1lisis urban\u00edstico y de mercado, con definici\u00f3n del producto id\u00f3neo y estimaci\u00f3n de rentas. Nuestra fuerte presencia territorial nos avala en el conocimiento de los principales n\u00facleos urbanos donde el build to rent es una f\u00f3rmula atractiva.Nuestra labor implica a varios departamentos de Activum -proyectos, an\u00e1lisis de mercado, comercial, marketing- para ofrecer un an\u00e1lisis multidisciplinar y completo. Acompa\u00f1amos al inversor en todo el proceso build to rent.Por \u00faltimo, una vez realizado el proyecto, nos encargamos de la gesti\u00f3n del activo resultante desde el punto de vista t\u00e9cnico, administrativo y comercial. Somos el interlocutor entre el cliente y los inquilinos, represent\u00e1ndolo y llevando a cabo la comercializaci\u00f3n, as\u00ed como las adecuaciones del producto y el mantenimiento del mismo. Reportamos puntualmente nuestra gesti\u00f3n integral al cliente inversor.","robots":{"index":"index","follow":"follow","max-snippet":"max-snippet:-1","max-image-preview":"max-image-preview:large","max-video-preview":"max-video-preview:-1"},"canonical":"https:\/\/activum.es\/en\/build-to-rentb\/","og_locale":"en_GB","og_type":"article","og_title":"Build to Rentb","og_description":"Asesoramos y acompa\u00f1amos al cliente en los proyectos build to rent.Analizamos oportunidades de inversi\u00f3n con exhaustivo an\u00e1lisis urban\u00edstico y de mercado, con definici\u00f3n del producto id\u00f3neo y estimaci\u00f3n de rentas. Nuestra fuerte presencia territorial nos avala en el conocimiento de los principales n\u00facleos urbanos donde el build to rent es una f\u00f3rmula atractiva.Nuestra labor implica a varios departamentos de Activum -proyectos, an\u00e1lisis de mercado, comercial, marketing- para ofrecer un an\u00e1lisis multidisciplinar y completo. Acompa\u00f1amos al inversor en todo el proceso build to rent.Por \u00faltimo, una vez realizado el proyecto, nos encargamos de la gesti\u00f3n del activo resultante desde el punto de vista t\u00e9cnico, administrativo y comercial. Somos el interlocutor entre el cliente y los inquilinos, represent\u00e1ndolo y llevando a cabo la comercializaci\u00f3n, as\u00ed como las adecuaciones del producto y el mantenimiento del mismo. Reportamos puntualmente nuestra gesti\u00f3n integral al cliente inversor.","og_url":"https:\/\/activum.es\/en\/build-to-rentb\/","og_site_name":"Activum Real Estate Consulting","article_publisher":"https:\/\/www.facebook.com\/activumtucasa\/","og_image":[{"url":"http:\/\/activum.es\/wp-content\/uploads\/2022\/01\/build2.jpg","type":"","width":"","height":""}],"twitter_card":"summary_large_image","twitter_site":"@Activum_Inmo","twitter_misc":{"Estimated reading time":"1 minute"},"schema":{"@context":"https:\/\/schema.org","@graph":[{"@type":"WebPage","@id":"https:\/\/activum.es\/build-to-rentb\/","url":"https:\/\/activum.es\/build-to-rentb\/","name":"Build to Rentb","isPartOf":{"@id":"\/#website"},"primaryImageOfPage":{"@id":"https:\/\/activum.es\/build-to-rentb\/#primaryimage"},"image":{"@id":"https:\/\/activum.es\/build-to-rentb\/#primaryimage"},"thumbnailUrl":"http:\/\/activum.es\/wp-content\/uploads\/2022\/01\/build2.jpg","datePublished":"2025-04-03T09:32:14+00:00","description":"Asesoramos y acompa\u00f1amos al cliente en los proyectos build to rent.Analizamos oportunidades de inversi\u00f3n con exhaustivo an\u00e1lisis urban\u00edstico y de mercado, con definici\u00f3n del producto id\u00f3neo y estimaci\u00f3n de rentas. Nuestra fuerte presencia territorial nos avala en el conocimiento de los principales n\u00facleos urbanos donde el build to rent es una f\u00f3rmula atractiva.Nuestra labor implica a varios departamentos de Activum -proyectos, an\u00e1lisis de mercado, comercial, marketing- para ofrecer un an\u00e1lisis multidisciplinar y completo. Acompa\u00f1amos al inversor en todo el proceso build to rent.Por \u00faltimo, una vez realizado el proyecto, nos encargamos de la gesti\u00f3n del activo resultante desde el punto de vista t\u00e9cnico, administrativo y comercial. Somos el interlocutor entre el cliente y los inquilinos, represent\u00e1ndolo y llevando a cabo la comercializaci\u00f3n, as\u00ed como las adecuaciones del producto y el mantenimiento del mismo. Reportamos puntualmente nuestra gesti\u00f3n integral al cliente inversor.","breadcrumb":{"@id":"https:\/\/activum.es\/build-to-rentb\/#breadcrumb"},"inLanguage":"en-GB","potentialAction":[{"@type":"ReadAction","target":["https:\/\/activum.es\/build-to-rentb\/"]}]},{"@type":"ImageObject","inLanguage":"en-GB","@id":"https:\/\/activum.es\/build-to-rentb\/#primaryimage","url":"http:\/\/activum.es\/wp-content\/uploads\/2022\/01\/build2.jpg","contentUrl":"http:\/\/activum.es\/wp-content\/uploads\/2022\/01\/build2.jpg"},{"@type":"BreadcrumbList","@id":"https:\/\/activum.es\/build-to-rentb\/#breadcrumb","itemListElement":[{"@type":"ListItem","position":1,"name":"Portada","item":"https:\/\/activum.es\/"},{"@type":"ListItem","position":2,"name":"Build to Rentb"}]},{"@type":"WebSite","@id":"\/#website","url":"\/","name":"Activum Real Estate Consulting","description":"Un gran equipo al servicio del sector Inmobiliario","publisher":{"@id":"\/#organization"},"alternateName":"Activum Real Estate","potentialAction":[{"@type":"SearchAction","target":{"@type":"EntryPoint","urlTemplate":"\/?s={search_term_string}"},"query-input":{"@type":"PropertyValueSpecification","valueRequired":true,"valueName":"search_term_string"}}],"inLanguage":"en-GB"},{"@type":"Organization","@id":"\/#organization","name":"Activum Real Estate Consulting","alternateName":"Activum Real Estate","url":"\/","logo":{"@type":"ImageObject","inLanguage":"en-GB","@id":"\/#\/schema\/logo\/image\/","url":"https:\/\/activum.es\/wp-content\/uploads\/2025\/04\/activum-logo-positve.png","contentUrl":"https:\/\/activum.es\/wp-content\/uploads\/2025\/04\/activum-logo-positve.png","width":1464,"height":1357,"caption":"Activum Real Estate Consulting"},"image":{"@id":"\/#\/schema\/logo\/image\/"},"sameAs":["https:\/\/www.facebook.com\/activumtucasa\/","https:\/\/x.com\/Activum_Inmo","https:\/\/www.instagram.com\/activum_?igsh=MTZld3pvdDJscDBwag==","https:\/\/www.tiktok.com\/@activum_"]}]}},"_links":{"self":[{"href":"https:\/\/activum.es\/en\/wp-json\/wp\/v2\/pages\/6383","targetHints":{"allow":["GET"]}}],"collection":[{"href":"https:\/\/activum.es\/en\/wp-json\/wp\/v2\/pages"}],"about":[{"href":"https:\/\/activum.es\/en\/wp-json\/wp\/v2\/types\/page"}],"author":[{"embeddable":true,"href":"https:\/\/activum.es\/en\/wp-json\/wp\/v2\/users\/1"}],"replies":[{"embeddable":true,"href":"https:\/\/activum.es\/en\/wp-json\/wp\/v2\/comments?post=6383"}],"version-history":[{"count":67,"href":"https:\/\/activum.es\/en\/wp-json\/wp\/v2\/pages\/6383\/revisions"}],"predecessor-version":[{"id":16505,"href":"https:\/\/activum.es\/en\/wp-json\/wp\/v2\/pages\/6383\/revisions\/16505"}],"wp:attachment":[{"href":"https:\/\/activum.es\/en\/wp-json\/wp\/v2\/media?parent=6383"}],"curies":[{"name":"wp","href":"https:\/\/api.w.org\/{rel}","templated":true}]}}